{"id":2197,"date":"2023-02-09T09:55:23","date_gmt":"2023-02-09T08:55:23","guid":{"rendered":"http:\/\/tunisiestand.com\/?post_type=product&#038;p=2197"},"modified":"2023-02-09T09:55:23","modified_gmt":"2023-02-09T08:55:23","slug":"chaise-plastique","status":"publish","type":"product","link":"https:\/\/tunisiestand.com\/?product=chaise-plastique","title":{"rendered":"Chaise plastique"},"content":{"rendered":"<table style=\"height: 372px;\" width=\"906\">\n<tbody class=\"data-sheet\">\n<tr>\n<th class=\"name\"><span style=\"font-family: 'Trebuchet MS'; font-size: 16px;\">Dimensions hors tout<\/span><\/th>\n<td class=\"value\"><span style=\"font-family: 'Trebuchet MS'; font-size: 16px;\">Largeur 45 x Profondeur 45 x Hauteur 88 cm<\/span><\/td>\n<\/tr>\n<tr>\n<th class=\"name\"><span style=\"font-family: 'Trebuchet MS'; font-size: 16px;\">Hauteur<\/span><\/th>\n<td class=\"value\"><span style=\"font-family: 'Trebuchet MS'; font-size: 16px;\">88 cm<\/span><\/td>\n<\/tr>\n<tr>\n<th class=\"name\"><span style=\"font-family: 'Trebuchet MS'; font-size: 16px;\">Largeur<\/span><\/th>\n<td class=\"value\"><span style=\"font-family: 'Trebuchet MS'; font-size: 16px;\">45 cm<\/span><\/td>\n<\/tr>\n<tr>\n<th class=\"name\"><span style=\"font-family: 'Trebuchet MS'; font-size: 16px;\">Profondeur<\/span><\/th>\n<td class=\"value\"><span style=\"font-family: 'Trebuchet MS'; font-size: 16px;\">45 cm<\/span><\/td>\n<\/tr>\n<tr>\n<th class=\"name\"><span style=\"font-family: 'Trebuchet MS'; font-size: 16px;\">Hauteur assise<\/span><\/th>\n<td class=\"value\"><span style=\"font-family: 'Trebuchet MS'; font-size: 16px;\">45 cm<\/span><\/td>\n<\/tr>\n<tr>\n<th class=\"name\"><span style=\"font-family: 'Trebuchet MS'; font-size: 16px;\">Poids<\/span><\/th>\n<td class=\"value\"><span style=\"font-family: 'Trebuchet MS'; font-size: 16px;\">2.60 kg \/ unit\u00e9<\/span><\/td>\n<\/tr>\n<tr>\n<th class=\"name\"><span style=\"font-family: 'Trebuchet MS'; font-size: 16px;\">Rev\u00eatement<\/span><\/th>\n<td class=\"value\"><span style=\"font-family: 'Trebuchet MS'; font-size: 16px;\">Plastique, Polypropyl\u00e8ne<\/span><\/td>\n<\/tr>\n<tr>\n<th class=\"name\"><span style=\"font-family: 'Trebuchet MS'; font-size: 16px;\">Mat\u00e9riau en d\u00e9tail<\/span><\/th>\n<td class=\"value\"><span style=\"font-family: 'Trebuchet MS'; font-size: 16px;\">100% Polypropyl\u00e8ne. R\u00e9sistant aux rayons U.V et \u00e0 l&rsquo;humidit\u00e9. R\u00e9sistance des couleurs : 7\/8.<\/span><\/td>\n<\/tr>\n<tr>\n<th class=\"name\"><span style=\"font-family: 'Trebuchet MS'; font-size: 16px;\">Couleurs<\/span><\/th>\n<td class=\"value\"><span style=\"font-family: 'Trebuchet MS'; font-size: 16px;\">Blanc<\/span><\/td>\n<\/tr>\n<tr>\n<th class=\"name\"><span style=\"font-family: 'Trebuchet MS'; font-size: 16px;\">Empilable<\/span><\/th>\n<td class=\"value\"><span style=\"font-family: 'Trebuchet MS'; font-size: 16px;\">Empilable<\/span><\/td>\n<\/tr>\n<tr>\n<th class=\"name\"><span style=\"font-family: 'Trebuchet MS'; font-size: 16px;\">Dimensions palette<\/span><\/th>\n<td class=\"value\"><span style=\"font-family: 'Trebuchet MS'; font-size: 16px;\">Longueur 112 x Largeur 105 x Hauteur 240 cm<\/span><\/td>\n<\/tr>\n<\/tbody>\n<\/table>\n","protected":false},"excerpt":{"rendered":"<p>La\u00a0<strong>chaise Plastique <\/strong>: une chaise\u00a0 id\u00e9ale pour les professionnels et les &#8230; <\/p>\n","protected":false},"featured_media":2198,"comment_status":"open","ping_status":"closed","template":"","meta":[],"product_brand":[],"product_cat":[367],"product_tag":[442,440],"class_list":{"0":"post-2197","1":"product","2":"type-product","3":"status-publish","4":"has-post-thumbnail","6":"product_cat-chaise","7":"product_tag-ceremonie","8":"product_tag-reception","10":"first","11":"instock","12":"shipping-taxable","13":"product-type-simple"},"_links":{"self":[{"href":"https:\/\/tunisiestand.com\/index.php?rest_route=\/wp\/v2\/product\/2197","targetHints":{"allow":["GET"]}}],"collection":[{"href":"https:\/\/tunisiestand.com\/index.php?rest_route=\/wp\/v2\/product"}],"about":[{"href":"https:\/\/tunisiestand.com\/index.php?rest_route=\/wp\/v2\/types\/product"}],"replies":[{"embeddable":true,"href":"https:\/\/tunisiestand.com\/index.php?rest_route=%2Fwp%2Fv2%2Fcomments&post=2197"}],"version-history":[{"count":1,"href":"https:\/\/tunisiestand.com\/index.php?rest_route=\/wp\/v2\/product\/2197\/revisions"}],"predecessor-version":[{"id":2200,"href":"https:\/\/tunisiestand.com\/index.php?rest_route=\/wp\/v2\/product\/2197\/revisions\/2200"}],"wp:featuredmedia":[{"embeddable":true,"href":"https:\/\/tunisiestand.com\/index.php?rest_route=\/wp\/v2\/media\/2198"}],"wp:attachment":[{"href":"https:\/\/tunisiestand.com\/index.php?rest_route=%2Fwp%2Fv2%2Fmedia&parent=2197"}],"wp:term":[{"taxonomy":"product_brand","embeddable":true,"href":"https:\/\/tunisiestand.com\/index.php?rest_route=%2Fwp%2Fv2%2Fproduct_brand&post=2197"},{"taxonomy":"product_cat","embeddable":true,"href":"https:\/\/tunisiestand.com\/index.php?rest_route=%2Fwp%2Fv2%2Fproduct_cat&post=2197"},{"taxonomy":"product_tag","embeddable":true,"href":"https:\/\/tunisiestand.com\/index.php?rest_route=%2Fwp%2Fv2%2Fproduct_tag&post=2197"}],"curies":[{"name":"wp","href":"https:\/\/api.w.org\/{rel}","templated":true}]}}