{"id":2190,"date":"2023-02-09T09:21:18","date_gmt":"2023-02-09T08:21:18","guid":{"rendered":"http:\/\/tunisiestand.com\/?post_type=product&#038;p=2190"},"modified":"2023-02-09T09:21:18","modified_gmt":"2023-02-09T08:21:18","slug":"chaise-rembourre","status":"publish","type":"product","link":"https:\/\/tunisiestand.com\/?product=chaise-rembourre","title":{"rendered":"Chaise rembourr\u00e9"},"content":{"rendered":"<ul>\n<li><span style=\"font-family: 'Trebuchet MS'; font-size: 18px;\">Pi\u00e9tement &#8211; acier peint<\/span><\/li>\n<li><span style=\"font-family: 'Trebuchet MS'; font-size: 18px;\">Type &#8211; 4 pieds<\/span><\/li>\n<li><span style=\"font-family: 'Trebuchet MS'; font-size: 18px;\">Accrochable &#8211; non<\/span><\/li>\n<li><span style=\"font-family: 'Trebuchet MS'; font-size: 18px;\">Non feu &#8211; M1<\/span><\/li>\n<li><span style=\"font-family: 'Trebuchet MS'; font-size: 18px;\">Assise &#8211; tissu<\/span><\/li>\n<li><span style=\"font-family: 'Trebuchet MS'; font-size: 18px;\">Dims (cm) : L 44 X P 51,5 X H 93. Assise H 45,5 X P 40 cm. Poids : 6 kg<\/span><\/li>\n<\/ul>\n","protected":false},"excerpt":{"rendered":"<p>Chaises \u00e9l\u00e9gantes, robustes, confortables et modernes, un excellent rapport qualit\u00e9-prix, id\u00e9al &#8230; <\/p>\n","protected":false},"featured_media":2148,"comment_status":"open","ping_status":"closed","template":"","meta":[],"product_brand":[],"product_cat":[367],"product_tag":[438,399,440,439],"class_list":{"0":"post-2190","1":"product","2":"type-product","3":"status-publish","4":"has-post-thumbnail","6":"product_cat-chaise","7":"product_tag-conference","8":"product_tag-modern","9":"product_tag-reception","10":"product_tag-seminaire","12":"first","13":"instock","14":"shipping-taxable","15":"product-type-simple"},"_links":{"self":[{"href":"https:\/\/tunisiestand.com\/index.php?rest_route=\/wp\/v2\/product\/2190","targetHints":{"allow":["GET"]}}],"collection":[{"href":"https:\/\/tunisiestand.com\/index.php?rest_route=\/wp\/v2\/product"}],"about":[{"href":"https:\/\/tunisiestand.com\/index.php?rest_route=\/wp\/v2\/types\/product"}],"replies":[{"embeddable":true,"href":"https:\/\/tunisiestand.com\/index.php?rest_route=%2Fwp%2Fv2%2Fcomments&post=2190"}],"version-history":[{"count":1,"href":"https:\/\/tunisiestand.com\/index.php?rest_route=\/wp\/v2\/product\/2190\/revisions"}],"predecessor-version":[{"id":2191,"href":"https:\/\/tunisiestand.com\/index.php?rest_route=\/wp\/v2\/product\/2190\/revisions\/2191"}],"wp:featuredmedia":[{"embeddable":true,"href":"https:\/\/tunisiestand.com\/index.php?rest_route=\/wp\/v2\/media\/2148"}],"wp:attachment":[{"href":"https:\/\/tunisiestand.com\/index.php?rest_route=%2Fwp%2Fv2%2Fmedia&parent=2190"}],"wp:term":[{"taxonomy":"product_brand","embeddable":true,"href":"https:\/\/tunisiestand.com\/index.php?rest_route=%2Fwp%2Fv2%2Fproduct_brand&post=2190"},{"taxonomy":"product_cat","embeddable":true,"href":"https:\/\/tunisiestand.com\/index.php?rest_route=%2Fwp%2Fv2%2Fproduct_cat&post=2190"},{"taxonomy":"product_tag","embeddable":true,"href":"https:\/\/tunisiestand.com\/index.php?rest_route=%2Fwp%2Fv2%2Fproduct_tag&post=2190"}],"curies":[{"name":"wp","href":"https:\/\/api.w.org\/{rel}","templated":true}]}}