{"id":2153,"date":"2023-02-09T09:12:39","date_gmt":"2023-02-09T08:12:39","guid":{"rendered":"http:\/\/tunisiestand.com\/?post_type=product&#038;p=2153"},"modified":"2023-02-09T09:12:39","modified_gmt":"2023-02-09T08:12:39","slug":"chaise-napoleon-doree","status":"publish","type":"product","link":"https:\/\/tunisiestand.com\/?product=chaise-napoleon-doree","title":{"rendered":"Chaise napol\u00e9on dor\u00e9e"},"content":{"rendered":"<p><span style=\"font-family: 'Trebuchet MS'; font-size: 18px;\">Fiche technique : <\/span><\/p>\n<ul>\n<li><span style=\"font-family: 'Trebuchet MS'; font-size: 18px;\">Dimensions : <\/span><span style=\"font-family: 'Trebuchet MS'; font-size: 18px;\">H88cm \/ l40cm \/ prof.42cm<\/span><\/li>\n<li><span style=\"font-family: 'Trebuchet MS'; font-size: 18px;\">Mati\u00e8re : <\/span><span style=\"font-family: 'Trebuchet MS'; font-size: 18px;\">H\u00eatre<\/span><\/li>\n<li><span style=\"font-family: 'Trebuchet MS'; font-size: 18px;\">Couleur : <\/span><span style=\"font-family: 'Trebuchet MS'; font-size: 18px;\">rouge<\/span><\/li>\n<li><span style=\"font-family: 'Trebuchet MS'; font-size: 18px;\">Poids : <\/span><span style=\"font-family: 'Trebuchet MS'; font-size: 18px;\">4 Kg<\/span><\/li>\n<\/ul>\n","protected":false},"excerpt":{"rendered":"<p>La chaise napol\u00e9on dor\u00e9e fait partie des \u00e9l\u00e9ments indispensables lors de &#8230; <\/p>\n","protected":false},"featured_media":2154,"comment_status":"open","ping_status":"closed","template":"","meta":[],"product_brand":[],"product_cat":[367],"product_tag":[438,440,439],"class_list":{"0":"post-2153","1":"product","2":"type-product","3":"status-publish","4":"has-post-thumbnail","6":"product_cat-chaise","7":"product_tag-conference","8":"product_tag-reception","9":"product_tag-seminaire","11":"first","12":"instock","13":"shipping-taxable","14":"product-type-simple"},"_links":{"self":[{"href":"https:\/\/tunisiestand.com\/index.php?rest_route=\/wp\/v2\/product\/2153","targetHints":{"allow":["GET"]}}],"collection":[{"href":"https:\/\/tunisiestand.com\/index.php?rest_route=\/wp\/v2\/product"}],"about":[{"href":"https:\/\/tunisiestand.com\/index.php?rest_route=\/wp\/v2\/types\/product"}],"replies":[{"embeddable":true,"href":"https:\/\/tunisiestand.com\/index.php?rest_route=%2Fwp%2Fv2%2Fcomments&post=2153"}],"version-history":[{"count":1,"href":"https:\/\/tunisiestand.com\/index.php?rest_route=\/wp\/v2\/product\/2153\/revisions"}],"predecessor-version":[{"id":2156,"href":"https:\/\/tunisiestand.com\/index.php?rest_route=\/wp\/v2\/product\/2153\/revisions\/2156"}],"wp:featuredmedia":[{"embeddable":true,"href":"https:\/\/tunisiestand.com\/index.php?rest_route=\/wp\/v2\/media\/2154"}],"wp:attachment":[{"href":"https:\/\/tunisiestand.com\/index.php?rest_route=%2Fwp%2Fv2%2Fmedia&parent=2153"}],"wp:term":[{"taxonomy":"product_brand","embeddable":true,"href":"https:\/\/tunisiestand.com\/index.php?rest_route=%2Fwp%2Fv2%2Fproduct_brand&post=2153"},{"taxonomy":"product_cat","embeddable":true,"href":"https:\/\/tunisiestand.com\/index.php?rest_route=%2Fwp%2Fv2%2Fproduct_cat&post=2153"},{"taxonomy":"product_tag","embeddable":true,"href":"https:\/\/tunisiestand.com\/index.php?rest_route=%2Fwp%2Fv2%2Fproduct_tag&post=2153"}],"curies":[{"name":"wp","href":"https:\/\/api.w.org\/{rel}","templated":true}]}}