{"id":6,"date":"2017-06-10T08:24:41","date_gmt":"2017-06-10T08:24:41","guid":{"rendered":"http:\/\/xtratheme.combuilding\/?page_id=6"},"modified":"2024-01-11T10:28:43","modified_gmt":"2024-01-11T09:28:43","slug":"mechanics","status":"publish","type":"page","link":"https:\/\/tunisiestand.com\/?page_id=6","title":{"rendered":"Tunisie Stand"},"content":{"rendered":"<section class=\"wpb-content-wrapper\"><p>[vc_row][vc_column]<div class=\"cz_gap clr  hide_on_mobile\" style=\"height: 40px\"><\/div><div class=\"cz_gap show_on_mobile clr\" style=\"height: 0px\"><\/div>[\/vc_column][\/vc_row][vc_row][vc_column css=\u00a0\u00bb.vc_custom_1586160355222{padding-right: 30px !important;}\u00a0\u00bb offset=\u00a0\u00bbvc_col-md-6&Prime;]<div class=\"cz_gap clr \" style=\"height: 40px\"><\/div><div id=\"cz_60370\" class=\"cz_60370 cz_title clr cz_mobile_text_center cz_title_pos_inline\"><div class=\"cz_title_shape shape_image cz_shape_1\"><img fetchpriority=\"high\" decoding=\"async\" src=\"data:image\/svg+xml,%3Csvg%20xmlns%3D&#39;http%3A%2F%2Fwww.w3.org%2F2000%2Fsvg&#39;%20width=&#39;1000&#39;%20height=&#39;1000&#39;%20viewBox%3D&#39;0%200%201000%201000&#39;%2F%3E\" data-czlz data-src=\"https:\/\/tunisiestand.com\/wp-content\/plugins\/codevz-plus\/assets\/img\/p.svg\" class=\"xtra-placeholder \" width=\"1000\" height=\"1000\" alt=\"image\" \/><\/div><div class=\"cz_title_content\"><div class=\"cz_wpe_content\"><h3><span style=\"font-size: 36px;\">A Propos de\u00a0 <span style=\"color: #ff0000;\">Tunisie Stand et Services<\/span>?<\/span><\/h3>\n<p><span style=\"color: #666666; font-size: 18px;\">Qui sommes nous et quelle sont nos comp\u00e9tences?<\/span><\/p>\n<\/div><\/div><\/div><div id=\"cz_41975\" class=\"cz_41975 cz_title clr cz_mobile_text_center cz_title_pos_inline\"><div class=\"cz_title_content\"><div class=\"cz_wpe_content\"><p>Installateur g\u00e9n\u00e9ral, nous prenons en charge l\u2019installation des \u00e9v\u00e8nements en location, salons, forums, congr\u00e8s, de l\u2019\u00e9tude d\u2019implantation \u00e0 la\u00a0r\u00e9alisation de <strong>stands \u00e9quip\u00e9s<\/strong> et ce, quelle que soit la superficie (de 1 \u00e0 2000m2).<\/p>\n<p>Pour chaque projet, Tunisie Stand et Services d\u00e9livre une solution technique globale ou partielle qui comprend :<\/p>\n<ul>\n<li>L\u2019am\u00e9nagement d\u2019espaces \u00e9ph\u00e9m\u00e8res : r\u00e9ception, salons, expositions, congr\u00e8s\u2026<\/li>\n<li>La construction de d\u00e9cors et de stands<\/li>\n<li>La cr\u00e9ation d\u2019espaces \u00e0 l\u2019aide de structures<\/li>\n<li>L\u2019impression de visuels de communication et\u00a0<a href=\"https:\/\/actiond.fr\/nos-services\/signaletique\/\">signal\u00e9tique<\/a><\/li>\n<li>La location du\u00a0<a href=\"https:\/\/actiond.fr\/mobilier\/\">mobilier<\/a><\/li>\n<li>La distribution \u00e9lectrique et l\u2019\u00e9clairage<\/li>\n<\/ul>\n<p>Tous les m\u00e9tiers ont \u00e9t\u00e9 int\u00e9gr\u00e9s afin de vous fournir une solution globale, logique et appropri\u00e9e \u00e0 vos besoins de chaque projet \u00e9v\u00e9nementiel afin de r\u00e9pondre \u00e0 vos exigences en termes de comp\u00e9tences, qualit\u00e9, service et de rapidit\u00e9 d\u2019ex\u00e9cution.<\/p>\n<p>Notre d\u00e9marche est de d\u00e9velopper la satisfaction de notre client\u00e8le par la qualit\u00e9 professionnelle de nos prestations et de nos id\u00e9es.<\/p>\n<p>En tenant compte des sp\u00e9cificit\u00e9s techniques et des normes de s\u00e9curit\u00e9 en vigueur, nos \u00e9quipes vous assurent conseils et savoirs faire. Une fois les plans de vos espaces \u00e9labor\u00e9s et valid\u00e9s, nos \u00e9quipes de monteurs, d\u00e9corateurs, tapissiers et d\u2019\u00e9lectriciens s\u2019emploieront \u00e0 mettre tout leur savoir-faire dans les plus brefs d\u00e9lais afin de r\u00e9duire au minimum les co\u00fbts de location de vos espaces d\u2019exposition.<\/p>\n<\/div><\/div><\/div><ul id=\"cz_92224\" class=\"cz_92224 cz_stylish_list clr cz_sl_icon_hover_blur\"><li class=\"clr\"><div class=\"cz_sl_icon\"><i class=\"fa czico-072-check-mark mr10\" ><\/i><\/div><div><span>\u00c9thique de travail solide<\/span><\/div><\/li><li class=\"clr\"><div class=\"cz_sl_icon\"><i class=\"fa czico-072-check-mark mr10\" ><\/i><\/div><div><span> Forte aptitude technique<\/span><\/div><\/li><li class=\"clr\"><div class=\"cz_sl_icon\"><i class=\"fa czico-072-check-mark mr10\" ><\/i><\/div><div><span>Service de Qualit\u00e9 haute<\/span><\/div><\/li><li class=\"clr\"><div class=\"cz_sl_icon\"><i class=\"fa czico-072-check-mark mr10\" ><\/i><\/div><div><span>D\u00e9lais de livraison r\u00e9duite<\/span><\/div><\/li><\/ul>[\/vc_column][vc_column css=\u00a0\u00bb.vc_custom_1551614408222{padding-left: 30px !important;}\u00a0\u00bb offset=\u00a0\u00bbvc_col-md-6&Prime;]<div class=\"cz_gap show_on_tablet clr  show_only_tablet\" style=\"height: 25px\"><\/div><div class=\"cz_gap show_on_mobile clr\" style=\"height: 0px\"><\/div><div class=\"xtra-custom-video-parent\"><div id=\"cz_47195\" class=\"cz_47195 cz_video_popup clr cz_video_popup_bl\"><div><div class=\"cz_vp_c\"><a href=\"\" data-html=\"#cz_47195_mp4\"><img decoding=\"async\" width=\"1504\" height=\"1128\" src=\"data:image\/svg+xml,%3Csvg%20xmlns%3D&#39;http%3A%2F%2Fwww.w3.org%2F2000%2Fsvg&#39;%20width=&#39;1504&#39;%20height=&#39;1128&#39;%20viewBox%3D&#39;0%200%201504%201128&#39;%2F%3E\" data-czlz data-src=\"https:\/\/tunisiestand.com\/wp-content\/uploads\/2024\/01\/tente-600m\u00b2-avec-decoration5.jpg\" class=\"attachment-full\" alt=\"\" title=\"tente 600m\u00b2 avec d\u00e9coration5\" data-srcset=\"https:\/\/tunisiestand.com\/wp-content\/uploads\/2024\/01\/tente-600m\u00b2-avec-decoration5.jpg 1504w, https:\/\/tunisiestand.com\/wp-content\/uploads\/2024\/01\/tente-600m\u00b2-avec-decoration5-1000x750.jpg 1000w, https:\/\/tunisiestand.com\/wp-content\/uploads\/2024\/01\/tente-600m\u00b2-avec-decoration5-300x225.jpg 300w, https:\/\/tunisiestand.com\/wp-content\/uploads\/2024\/01\/tente-600m\u00b2-avec-decoration5-1024x768.jpg 1024w, https:\/\/tunisiestand.com\/wp-content\/uploads\/2024\/01\/tente-600m\u00b2-avec-decoration5-768x576.jpg 768w, https:\/\/tunisiestand.com\/wp-content\/uploads\/2024\/01\/tente-600m\u00b2-avec-decoration5-600x450.jpg 600w\" data-sizes=\"(max-width: 1504px) 100vw, 1504px\" \/><div class=\"cz_vp_inner\"><span><i class=\"fa fa-play\"><\/i><\/span><\/div><\/a><\/div><\/div><\/div><div style=\"display:none;\" id=\"cz_47195_mp4\"><video class=\"lg-video-object lg-html5\" controls=\"\" preload=\"metadata\"><source src=\"https:\/\/tunisiestand.com\/wp-content\/uploads\/2024\/01\/2.mp4\" type=\"video\/mp4\">Your browser does not support HTML5 video.<\/video><\/div><\/div><div id=\"cz_87734\" class=\"cz_87734 cz_quote\"><blockquote><i class=\"fa fa-quote-left cz_quote_shape\" style=\"position:absolute;top: 10%;left: 10%;color: #ffeb3b;\"><\/i><div class=\"cz_quote_content cz_wpe_content\"><span style=\"font-size: 18px;\">Les grandes choses dans les affaires ne sont jamais faites par une seule personne. Ils sont r\u00e9alis\u00e9s par une \u00e9quipe de personnes.<\/span><br \/>\n<em><span style=\"font-size: 14px;\"><small>&#8211; Steve Jobs<\/small><\/span><\/em><\/div><\/blockquote><\/div>[\/vc_column][\/vc_row][vc_row][vc_column]<div class=\"cz_gap clr  hide_on_mobile\" style=\"height: 100px\"><\/div><div class=\"cz_gap show_on_mobile clr\" style=\"height: 50px\"><\/div>[\/vc_column][\/vc_row][vc_row full_width=\u00a0\u00bbstretch_row_content_no_spaces\u00a0\u00bb parallax=\u00a0\u00bbcontent-moving\u00a0\u00bb parallax_image=\u00a0\u00bb1341&Prime; css=\u00a0\u00bb.vc_custom_1586159729113{border-bottom-width: 15px !important;border-bottom-color: #004fc6 !important;border-bottom-style: solid !important;}\u00a0\u00bb][vc_column css=\u00a0\u00bb.vc_custom_1676385219921{background-image: url(http:\/\/tunisiestand.com\/wp-content\/uploads\/2023\/02\/habillage.jpg?id=2231) !important;}\u00a0\u00bb]<div id=\"cz_55757\" class=\"cz-particles\"><div class=\"row clr\"><div class=\"cz_gap clr  hide_on_mobile\" style=\"height: 225px\"><\/div><div class=\"cz_gap show_on_mobile clr\" style=\"height: 175px\"><\/div><div id=\"cz_72706\" class=\"cz_72706 cz_title clr cz_title_pos_inline tac cz_invert\"><div class=\"cz_title_shape shape_image cz_shape_1\"><img fetchpriority=\"high\" decoding=\"async\" src=\"data:image\/svg+xml,%3Csvg%20xmlns%3D&#39;http%3A%2F%2Fwww.w3.org%2F2000%2Fsvg&#39;%20width=&#39;1000&#39;%20height=&#39;1000&#39;%20viewBox%3D&#39;0%200%201000%201000&#39;%2F%3E\" data-czlz data-src=\"https:\/\/tunisiestand.com\/wp-content\/plugins\/codevz-plus\/assets\/img\/p.svg\" class=\"xtra-placeholder \" width=\"1000\" height=\"1000\" alt=\"image\" \/><\/div><div class=\"cz_title_content\"><div class=\"cz_wpe_content\"><h3 style=\"text-align: center;\"><span style=\"font-size: 36px;\"><span style=\"color: #ffffff;\">Nous sommes Professional en <\/span><\/span><span style=\"font-size: 36px;\"><span style=\"color: #ff0000;\">Ev\u00e8nementiel<\/span><\/span><\/h3>\n<p style=\"text-align: center;\"><span style=\"color: #004fc6; font-size: 20px; font-family: 'Palatino Linotype';\"><strong>Veuillez voir nos statistiques<\/strong><\/span><\/p>\n<\/div><\/div><\/div><div class=\"cz_gap clr \" style=\"height: 75px\"><\/div>[vc_row_inner][vc_column_inner offset=\u00a0\u00bbvc_col-md-4&Prime;]<div id=\"cz_34697\" data-disable-comma=\"\" data-duration=\"4000\" data-delay=\"0000\" class=\"cz_34697 cz_counter clr tac cz_2rows\"><div class=\"\"><span class=\"cz_counter_num_wrap\"><span class=\"cz_counter_num\">150<\/span><i>+<\/i><\/span><span class=\"cz_counter_after\">Expositions \/ An<\/span><\/div><\/div>[\/vc_column_inner][vc_column_inner offset=\u00a0\u00bbvc_col-md-4&Prime;]<div id=\"cz_34027\" data-disable-comma=\"\" data-duration=\"4000\" data-delay=\"1000\" class=\"cz_34027 cz_counter clr tac cz_2rows\"><div class=\"\"><span class=\"cz_counter_num_wrap\"><span class=\"cz_counter_num\">200<\/span><i>+<\/i><\/span><span class=\"cz_counter_after\">Ev\u00e8nement \/ An<\/span><\/div><\/div>[\/vc_column_inner][vc_column_inner offset=\u00a0\u00bbvc_col-md-4&Prime;]<div id=\"cz_69681\" data-disable-comma=\"\" data-duration=\"4000\" data-delay=\"2000\" class=\"cz_69681 cz_counter clr tac cz_2rows\"><div class=\"\"><span class=\"cz_counter_num_wrap\"><span class=\"cz_counter_num\">250<\/span><i>+<\/i><\/span><span class=\"cz_counter_after\">Clients<\/span><\/div><\/div>[\/vc_column_inner][\/vc_row_inner]<\/div><\/div>\n<script>\n\n\t! function( $ ) {\n\n\t\tsetTimeout(function() {\n\t\t\tif ( typeof particlesJS != \"undefined\" ) {\n\n\t\t\t\tparticlesJS(\"cz_55757\", {\n\t\t\t\t  \"particles\": {\n\t\t\t\t    \"number\": {\n\t\t\t\t      \"value\": 40\n\t\t\t\t    },\n\t\t\t\t    \"color\": {\n\t\t\t\t      \"value\": \"#ffffff\"\n\t\t\t\t    },\n\t\t\t\t    \"shape\": {\n\t\t\t\t      \"type\": \"edge\",\n\t\t\t\t    },\n\t\t\t\t    \"line_linked\": {\n\t\t\t\t      \"enable\": true,\n\t\t\t\t      \"distance\": 10,\n\t\t\t\t      \"color\": \"#ffffff\",\n\t\t\t\t      \"opacity\": 0.4,\n\t\t\t\t      \"width\": 1\n\t\t\t\t    },\n\t\t\t\t    \"opacity\": {\n\t\t\t\t      \"value\": 0.5,\n\t\t\t\t      \"random\": true,\n\t\t\t\t      \"anim\": {\n\t\t\t\t        \"enable\": false,\n\t\t\t\t        \"speed\": 1,\n\t\t\t\t        \"opacity_min\": 0.1,\n\t\t\t\t        \"sync\": false\n\t\t\t\t      }\n\t\t\t\t    },\n\t\t\t\t    \"size\": {\n\t\t\t\t      \"value\": 5,\n\t\t\t\t      \"random\": true,\n\t\t\t\t      \"anim\": {\n\t\t\t\t        \"enable\": false,\n\t\t\t\t        \"speed\": 40,\n\t\t\t\t        \"size_min\": 0.1,\n\t\t\t\t        \"sync\": false\n\t\t\t\t      }\n\t\t\t\t    },\n\t\t\t\t    \"move\": {\n\t\t\t\t      \"enable\": true,\n\t\t\t\t      \"speed\": 4,\n\t\t\t\t      \"direction\": \"none\",\n\t\t\t\t      \"random\": false,\n\t\t\t\t      \"straight\": false,\n\t\t\t\t      \"out_mode\": \"out\",\n\t\t\t\t      \"bounce\": false,\n\t\t\t\t      \"attract\": {\n\t\t\t\t        \"enable\": false,\n\t\t\t\t        \"rotateX\": 600,\n\t\t\t\t        \"rotateY\": 1200\n\t\t\t\t      }\n\t\t\t\t    }\n\t\t\t\t  },\n\t\t\t\t  \"interactivity\": {\n\t\t\t\t    \"detect_on\": \"canvas\",\n\t\t\t\t    \"events\": {\n\t\t\t\t      \"onhover\": {\n\t\t\t\t        \"enable\": true,\n\t\t\t\t        \"mode\": \"grab\"\n\t\t\t\t      },\n\t\t\t\t      \"onclick\": {\n\t\t\t\t        \"enable\": true,\n\t\t\t\t        \"mode\": \"push\"\n\t\t\t\t      },\n\t\t\t\t      \"resize\": true\n\t\t\t\t    },\n\t\t\t\t    \"modes\": {\n\t\t\t\t      \"grab\": {\n\t\t\t\t        \"distance\": 100,\n\t\t\t\t        \"line_linked\": {\n\t\t\t\t          \"opacity\": 1\n\t\t\t\t        }\n\t\t\t\t      },\n\t\t\t\t      \"bubble\": {\n\t\t\t\t        \"distance\": 400,\n\t\t\t\t        \"size\": 40,\n\t\t\t\t        \"duration\": 2,\n\t\t\t\t        \"opacity\": 8,\n\t\t\t\t        \"speed\": 3\n\t\t\t\t      },\n\t\t\t\t      \"repulse\": {\n\t\t\t\t        \"distance\": 200,\n\t\t\t\t        \"duration\": 0.4\n\t\t\t\t      },\n\t\t\t\t      \"push\": {\n\t\t\t\t        \"particles_nb\": 4\n\t\t\t\t      },\n\t\t\t\t      \"remove\": {\n\t\t\t\t        \"particles_nb\": 2\n\t\t\t\t      }\n\t\t\t\t    }\n\t\t\t\t  },\n\t\t\t\t  \"retina_detect\": true\n\t\t\t\t});\n\t\t\t}\n\t\t}, 2000 );\n\n\t}( jQuery )\n\n<\/script>[\/vc_column][\/vc_row][vc_row][vc_column]<div class=\"cz_gap clr  hide_on_mobile\" style=\"height: 150px\"><\/div><div class=\"cz_gap show_on_mobile clr\" style=\"height: 100px\"><\/div>[\/vc_column][\/vc_row][vc_row][vc_column width=\u00a0\u00bb1\/2&Prime; offset=\u00a0\u00bbvc_col-md-3&Prime; css=\u00a0\u00bb.vc_custom_1676383626517{background-color: #e53935 !important;}\u00a0\u00bb]<div id=\"cz_65510\" class=\"cz_65510 cz_title clr cz_mobile_text_center cz_title_ba_line cz_title_pos_inline\"><div class=\"cz_title_content\"><div class=\"cz_wpe_content\"><h3><span style=\"color: #ffffff;\">Nos R\u00e9f\u00e9rences<\/span><\/h3>\n<\/div><div class=\"cz_title_line cz_line_after_title\"><span>_<\/span><\/div><\/div><\/div><div class=\"cz_gap clr  hide_on_mobile\" style=\"height: 60px\"><\/div><div class=\"cz_gap show_on_mobile clr\" style=\"height: 30px\"><\/div>[vc_column_text css_animation=\u00a0\u00bbfadeInUp\u00a0\u00bb]<\/p>\n<p style=\"text-align: justify;\"><strong><span style=\"font-family: 'Palatino Linotype'; font-size: 20px; color: #ffffff;\">Ils nous ont fait Confiance<\/span><\/strong><\/p>\n<p>[\/vc_column_text]<div class=\"cz_gap clr  hide_on_mobile\" style=\"height: 125px\"><\/div><div class=\"cz_gap show_on_mobile clr\" style=\"height: 20px\"><\/div><div class=\"cz_btn_left cz_mobile_btn_center\"><div class=\"cz_48114_p clr wpb_animate_when_almost_visible fadeInUp\"><a id=\"cz_48114\" class=\"cz_48114 cz_btn cz_btn_txt_no_fx cz_btn_zoom_in cz_btn_icon_after\" href=\"https:\/\/tunisietente.com\/contact\"><span><strong>Contactez Nous<\/strong><i class=\"fa fa-envelope-o\"><\/i><\/span><b class=\"cz_btn_onhover\"><strong>Contactez Nous<\/strong><i class=\"fa fa-envelope-o\"><\/i><\/b><\/a><\/div><\/div><div class=\"clr\"><\/div>[\/vc_column][vc_column width=\u00a0\u00bb3\/4&Prime;]<div class=\"cz_gap clr  hide_on_mobile\" style=\"height: 20px\"><\/div><div class=\"cz_gap show_on_mobile clr\" style=\"height: 60px\"><\/div><div id=\"cz_13226\" class=\"cz_13226 slick arrows_bc no_dots arrows_show_on_hover\" data-slick='{\"selector\":\"\",\"slidesToShow\":3,\"slidesToScroll\":1,\"rows\":1,\"fade\":false,\"vertical\":false,\"verticalSwiping\":false,\"infinite\":true,\"speed\":1000,\"swipeToSlide\":true,\"centerMode\":false,\"centerPadding\":\"\",\"variableWidth\":false,\"autoplay\":false,\"autoplaySpeed\":4000,\"dots\":true,\"counts\":false,\"adaptiveHeight\":false,\"responsive\":[{\"breakpoint\":769,\"settings\":{\"slidesToShow\":1,\"slidesToScroll\":1,\"infinite\":true,\"touchMove\":true}},{\"breakpoint\":481,\"settings\":{\"slidesToShow\":1,\"slidesToScroll\":1,\"infinite\":true,\"touchMove\":true}}]}' data-slick-prev=\"fa fa-angle-left\" data-slick-next=\"fa fa-angle-right\"><div id=\"cz_62449\" class=\"cz_62449 cz_team mb30 clr cz_team_always_show cz_svg_bg cz_team_2 cz_social_v wpb_animate_when_almost_visible fadeIn\"><div class=\"cz_team_img\"><img fetchpriority=\"high\" decoding=\"async\" src=\"data:image\/svg+xml,%3Csvg%20xmlns%3D&#39;http%3A%2F%2Fwww.w3.org%2F2000%2Fsvg&#39;%20width=&#39;1000&#39;%20height=&#39;1000&#39;%20viewBox%3D&#39;0%200%201000%201000&#39;%2F%3E\" data-czlz data-src=\"https:\/\/tunisiestand.com\/wp-content\/plugins\/codevz-plus\/assets\/img\/p.svg\" class=\"xtra-placeholder \" width=\"1000\" height=\"1000\" alt=\"image\" \/><div class=\"cz_team_social cz_social clr cz_social_fx_0 tal cz_tooltip cz_tooltip_right\"><div class=\"cz_team_social_in\"><a href=\"#\" class=\"cz-facebook\"  data-title=\"Facebook\"><i class=\"fa fa-facebook\"><\/i><\/a><a href=\"#\" class=\"cz-twitter\"  data-title=\"Twitter\"><i class=\"fa fa-twitter\"><\/i><\/a><a href=\"#\" class=\"cz-instagram\"  data-title=\"Instagram\"><i class=\"fa fa-instagram\"><\/i><\/a><a href=\"#\" class=\"cz-envelope\"  data-title=\"Email\"><i class=\"fa fa-envelope\"><\/i><\/a><\/div><\/div><\/div><div class=\"cz_team_content cz_wpe_content\"><h4 style=\"text-align: center;\"><span style=\"font-size: 26px; color: #3f51b5;\"><strong><span style=\"font-family: Playfair Display;\">Institut Fran\u00e7ais de Tunisie<br \/>\n<\/span><\/strong><\/span><\/h4>\n<p style=\"text-align: center;\"><\/div><\/div><div id=\"cz_91665\" class=\"cz_91665 cz_team mb30 clr cz_team_always_show cz_svg_bg cz_team_2 cz_social_v wpb_animate_when_almost_visible fadeIn\"><div class=\"cz_team_img\"><img fetchpriority=\"high\" decoding=\"async\" src=\"data:image\/svg+xml,%3Csvg%20xmlns%3D&#39;http%3A%2F%2Fwww.w3.org%2F2000%2Fsvg&#39;%20width=&#39;1000&#39;%20height=&#39;1000&#39;%20viewBox%3D&#39;0%200%201000%201000&#39;%2F%3E\" data-czlz data-src=\"https:\/\/tunisiestand.com\/wp-content\/plugins\/codevz-plus\/assets\/img\/p.svg\" class=\"xtra-placeholder \" width=\"1000\" height=\"1000\" alt=\"image\" \/><div class=\"cz_team_social cz_social clr cz_social_fx_0 tal cz_tooltip cz_tooltip_right\"><div class=\"cz_team_social_in\"><a href=\"#\" class=\"cz-facebook\"  data-title=\"Facebook\"><i class=\"fa fa-facebook\"><\/i><\/a><a href=\"#\" class=\"cz-twitter\"  data-title=\"Twitter\"><i class=\"fa fa-twitter\"><\/i><\/a><a href=\"#\" class=\"cz-instagram\"  data-title=\"Instagram\"><i class=\"fa fa-instagram\"><\/i><\/a><a href=\"#\" class=\"cz-envelope\"  data-title=\"Email\"><i class=\"fa fa-envelope\"><\/i><\/a><\/div><\/div><\/div><div class=\"cz_team_content cz_wpe_content\"><h4 style=\"text-align: center;\"><span style=\"font-size: 26px; color: #3f51b5;\"><strong><span style=\"font-family: Playfair Display;\">Ambassade de France en Tunisie<br \/>\n<\/span><\/strong><\/span><\/h4>\n<\/div><\/div><div id=\"cz_41463\" class=\"cz_41463 cz_team mb30 clr cz_team_always_show cz_svg_bg cz_team_2 cz_social_v wpb_animate_when_almost_visible fadeIn\"><div class=\"cz_team_img\"><img fetchpriority=\"high\" decoding=\"async\" src=\"data:image\/svg+xml,%3Csvg%20xmlns%3D&#39;http%3A%2F%2Fwww.w3.org%2F2000%2Fsvg&#39;%20width=&#39;1000&#39;%20height=&#39;1000&#39;%20viewBox%3D&#39;0%200%201000%201000&#39;%2F%3E\" data-czlz data-src=\"https:\/\/tunisiestand.com\/wp-content\/plugins\/codevz-plus\/assets\/img\/p.svg\" class=\"xtra-placeholder \" width=\"1000\" height=\"1000\" alt=\"image\" \/><div class=\"cz_team_social cz_social clr cz_social_fx_0 tal cz_tooltip cz_tooltip_right\"><div class=\"cz_team_social_in\"><a href=\"#\" class=\"cz-facebook\"  data-title=\"Facebook\"><i class=\"fa fa-facebook\"><\/i><\/a><a href=\"#\" class=\"cz-twitter\"  data-title=\"Twitter\"><i class=\"fa fa-twitter\"><\/i><\/a><a href=\"#\" class=\"cz-instagram\"  data-title=\"Instagram\"><i class=\"fa fa-instagram\"><\/i><\/a><a href=\"#\" class=\"cz-envelope\"  data-title=\"Email\"><i class=\"fa fa-envelope\"><\/i><\/a><\/div><\/div><\/div><div class=\"cz_team_content cz_wpe_content\"><h4 style=\"text-align: center;\"><span style=\"font-size: 26px; color: #3f51b5;\"><strong><span style=\"font-family: Playfair Display;\">Ambassade de Japon en Tunisie<br \/>\n<\/span><\/strong><\/span><\/h4>\n<\/div><\/div><div id=\"cz_12204\" class=\"cz_12204 cz_team mb30 clr cz_team_always_show cz_svg_bg cz_team_2 cz_social_v wpb_animate_when_almost_visible fadeIn\"><div class=\"cz_team_img\"><img fetchpriority=\"high\" decoding=\"async\" src=\"data:image\/svg+xml,%3Csvg%20xmlns%3D&#39;http%3A%2F%2Fwww.w3.org%2F2000%2Fsvg&#39;%20width=&#39;1000&#39;%20height=&#39;1000&#39;%20viewBox%3D&#39;0%200%201000%201000&#39;%2F%3E\" data-czlz data-src=\"https:\/\/tunisiestand.com\/wp-content\/plugins\/codevz-plus\/assets\/img\/p.svg\" class=\"xtra-placeholder \" width=\"1000\" height=\"1000\" alt=\"image\" \/><div class=\"cz_team_social cz_social clr cz_social_fx_0 tal cz_tooltip cz_tooltip_right\"><div class=\"cz_team_social_in\"><a href=\"#\" class=\"cz-facebook\"  data-title=\"Facebook\"><i class=\"fa fa-facebook\"><\/i><\/a><a href=\"#\" class=\"cz-twitter\"  data-title=\"Twitter\"><i class=\"fa fa-twitter\"><\/i><\/a><a href=\"#\" class=\"cz-instagram\"  data-title=\"Instagram\"><i class=\"fa fa-instagram\"><\/i><\/a><a href=\"#\" class=\"cz-envelope\"  data-title=\"Email\"><i class=\"fa fa-envelope\"><\/i><\/a><\/div><\/div><\/div><div class=\"cz_team_content cz_wpe_content\"><h4 style=\"text-align: center;\"><span style=\"font-size: 26px; color: #3f51b5;\"><strong><span style=\"font-family: Playfair Display;\">Ecole Nationale d&rsquo;Ing\u00e9nieurs de Tunis<br \/>\n<\/span><\/strong><\/span><\/h4>\n<\/div><\/div><\/div><div><\/div>[\/vc_column][\/vc_row][vc_row][vc_column]<div class=\"cz_gap clr  hide_on_mobile\" style=\"height: 110px\"><\/div><div class=\"cz_gap show_on_mobile clr\" style=\"height: 80px\"><\/div>[\/vc_column][\/vc_row][vc_row][vc_column]<div id=\"cz_28393\" class=\"cz_28393 cz_image_comparison_slider\">\n\t\t\t<figure class=\"cz_image_container is_visible\"><img decoding=\"async\" width=\"1504\" height=\"1128\" src=\"data:image\/svg+xml,%3Csvg%20xmlns%3D&#39;http%3A%2F%2Fwww.w3.org%2F2000%2Fsvg&#39;%20width=&#39;1504&#39;%20height=&#39;1128&#39;%20viewBox%3D&#39;0%200%201504%201128&#39;%2F%3E\" data-czlz data-src=\"https:\/\/tunisiestand.com\/wp-content\/uploads\/2024\/01\/tente-600m\u00b2-avec-decoration5.jpg\" class=\"attachment-full\" alt=\"\" title=\"tente 600m\u00b2 avec d\u00e9coration5\" data-srcset=\"https:\/\/tunisiestand.com\/wp-content\/uploads\/2024\/01\/tente-600m\u00b2-avec-decoration5.jpg 1504w, https:\/\/tunisiestand.com\/wp-content\/uploads\/2024\/01\/tente-600m\u00b2-avec-decoration5-1000x750.jpg 1000w, https:\/\/tunisiestand.com\/wp-content\/uploads\/2024\/01\/tente-600m\u00b2-avec-decoration5-300x225.jpg 300w, https:\/\/tunisiestand.com\/wp-content\/uploads\/2024\/01\/tente-600m\u00b2-avec-decoration5-1024x768.jpg 1024w, https:\/\/tunisiestand.com\/wp-content\/uploads\/2024\/01\/tente-600m\u00b2-avec-decoration5-768x576.jpg 768w, https:\/\/tunisiestand.com\/wp-content\/uploads\/2024\/01\/tente-600m\u00b2-avec-decoration5-600x450.jpg 600w\" data-sizes=\"(max-width: 1504px) 100vw, 1504px\" \/>\n\t\t\t\t<span class=\"cz_image_label\" data-type=\"original\">Apr\u00e9s<\/span>\n\t\t\t\t<div class=\"cz_resize_img\"><img decoding=\"async\" width=\"1504\" height=\"1128\" src=\"data:image\/svg+xml,%3Csvg%20xmlns%3D&#39;http%3A%2F%2Fwww.w3.org%2F2000%2Fsvg&#39;%20width=&#39;1504&#39;%20height=&#39;1128&#39;%20viewBox%3D&#39;0%200%201504%201128&#39;%2F%3E\" data-czlz data-src=\"https:\/\/tunisiestand.com\/wp-content\/uploads\/2024\/01\/tente-600m\u00b22.jpg\" class=\"attachment-full\" alt=\"\" title=\"tente 600m\u00b22\" data-srcset=\"https:\/\/tunisiestand.com\/wp-content\/uploads\/2024\/01\/tente-600m\u00b22.jpg 1504w, https:\/\/tunisiestand.com\/wp-content\/uploads\/2024\/01\/tente-600m\u00b22-1000x750.jpg 1000w, https:\/\/tunisiestand.com\/wp-content\/uploads\/2024\/01\/tente-600m\u00b22-300x225.jpg 300w, https:\/\/tunisiestand.com\/wp-content\/uploads\/2024\/01\/tente-600m\u00b22-1024x768.jpg 1024w, https:\/\/tunisiestand.com\/wp-content\/uploads\/2024\/01\/tente-600m\u00b22-768x576.jpg 768w, https:\/\/tunisiestand.com\/wp-content\/uploads\/2024\/01\/tente-600m\u00b22-600x450.jpg 600w\" data-sizes=\"(max-width: 1504px) 100vw, 1504px\" \/>\n\t\t\t\t\t<span class=\"cz_image_label\" data-type=\"modified\">Avant<\/span>\n\t\t\t\t<\/div>\n\t\t\t\t<span class=\"cz_handle\"><\/span>\n\t\t\t<\/figure>\n\t\t<\/div>[\/vc_column][\/vc_row]<\/p>\n<\/section>","protected":false},"excerpt":{"rendered":"<p>[vc_row][vc_column][\/vc_column][\/vc_row][vc_row][vc_column css=\u00a0\u00bb.vc_custom_1586160355222{padding-right: 30px !important;}\u00a0\u00bb offset=\u00a0\u00bbvc_col-md-6&Prime;][\/vc_column][vc_column css=\u00a0\u00bb.vc_custom_1551614408222{padding-left: 30px !important;}\u00a0\u00bb offset=\u00a0\u00bbvc_col-md-6&Prime;][\/vc_column][\/vc_row][vc_row][vc_column][\/vc_column][\/vc_row][vc_row full_width=\u00a0\u00bbstretch_row_content_no_spaces\u00a0\u00bb parallax=\u00a0\u00bbcontent-moving\u00a0\u00bb &#8230; <\/p>\n","protected":false},"author":1,"featured_media":0,"parent":0,"menu_order":0,"comment_status":"closed","ping_status":"closed","template":"","meta":{"footnotes":""},"class_list":["post-6","page","type-page","status-publish","hentry"],"_links":{"self":[{"href":"https:\/\/tunisiestand.com\/index.php?rest_route=\/wp\/v2\/pages\/6","targetHints":{"allow":["GET"]}}],"collection":[{"href":"https:\/\/tunisiestand.com\/index.php?rest_route=\/wp\/v2\/pages"}],"about":[{"href":"https:\/\/tunisiestand.com\/index.php?rest_route=\/wp\/v2\/types\/page"}],"author":[{"embeddable":true,"href":"https:\/\/tunisiestand.com\/index.php?rest_route=\/wp\/v2\/users\/1"}],"replies":[{"embeddable":true,"href":"https:\/\/tunisiestand.com\/index.php?rest_route=%2Fwp%2Fv2%2Fcomments&post=6"}],"version-history":[{"count":45,"href":"https:\/\/tunisiestand.com\/index.php?rest_route=\/wp\/v2\/pages\/6\/revisions"}],"predecessor-version":[{"id":2705,"href":"https:\/\/tunisiestand.com\/index.php?rest_route=\/wp\/v2\/pages\/6\/revisions\/2705"}],"wp:attachment":[{"href":"https:\/\/tunisiestand.com\/index.php?rest_route=%2Fwp%2Fv2%2Fmedia&parent=6"}],"curies":[{"name":"wp","href":"https:\/\/api.w.org\/{rel}","templated":true}]}}