{"id":2401,"date":"2023-02-15T09:54:44","date_gmt":"2023-02-15T08:54:44","guid":{"rendered":"http:\/\/tunisiestand.com\/?page_id=2401"},"modified":"2023-03-01T10:38:15","modified_gmt":"2023-03-01T09:38:15","slug":"tente-dexposition","status":"publish","type":"page","link":"https:\/\/tunisiestand.com\/?page_id=2401","title":{"rendered":"Tente d&rsquo;Exposition"},"content":{"rendered":"<section class=\"wpb-content-wrapper\"><p>[vc_row][vc_column]<div class=\"cz_gap clr  hide_on_mobile\" style=\"height: 50px\"><\/div><div class=\"cz_gap show_on_mobile clr\" style=\"height: 0px\"><\/div>[\/vc_column][\/vc_row][vc_row][vc_column width=\u00a0\u00bb1\/2&Prime;]<div id=\"cz_44187\" class=\"cz_grid_p cz_44187\"><div class=\"cz_grid cz_grid_1 clr cz_hr_grid cz_grid_c4 cz_grid_1_no_title cz_grid_1_mid tac cz_grid_two_columns_on_mobile\"><div class=\"cz_grid_item cz_grid_first\"><\/div><div class=\"cz_grid_item \"><div><a class=\"cz_grid_link \" href=\"https:\/\/tunisiestand.com\/wp-content\/uploads\/2023\/02\/1.jpg\" data-xtra-lightbox><img fetchpriority=\"high\" decoding=\"async\" width=\"600\" height=\"1000\" src=\"data:image\/svg+xml,%3Csvg%20xmlns%3D&#39;http%3A%2F%2Fwww.w3.org%2F2000%2Fsvg&#39;%20width=&#39;600&#39;%20height=&#39;1000&#39;%20viewBox%3D&#39;0%200%20600%201000&#39;%2F%3E\" data-czlz data-src=\"https:\/\/tunisiestand.com\/wp-content\/uploads\/2023\/02\/1-600x1000.jpg\" class=\"attachment-codevz_600_1000\" alt=\"\" title=\"1\" \/><div class=\"cz_grid_details\"><i class=\"fa fa-search cz_grid_icon\"><\/i><\/div><\/a><\/div><\/div><div class=\"cz_grid_item \"><div><a class=\"cz_grid_link \" href=\"https:\/\/tunisiestand.com\/wp-content\/uploads\/2023\/02\/2.jpg\" data-xtra-lightbox><img decoding=\"async\" width=\"600\" height=\"1000\" src=\"data:image\/svg+xml,%3Csvg%20xmlns%3D&#39;http%3A%2F%2Fwww.w3.org%2F2000%2Fsvg&#39;%20width=&#39;600&#39;%20height=&#39;1000&#39;%20viewBox%3D&#39;0%200%20600%201000&#39;%2F%3E\" data-czlz data-src=\"https:\/\/tunisiestand.com\/wp-content\/uploads\/2023\/02\/2-600x1000.jpg\" class=\"attachment-codevz_600_1000\" alt=\"\" title=\"2\" \/><div class=\"cz_grid_details\"><i class=\"fa fa-search cz_grid_icon\"><\/i><\/div><\/a><\/div><\/div><div class=\"cz_grid_item \"><div><a class=\"cz_grid_link \" href=\"https:\/\/tunisiestand.com\/wp-content\/uploads\/2023\/02\/3.jpg\" data-xtra-lightbox><img decoding=\"async\" width=\"600\" height=\"1000\" src=\"data:image\/svg+xml,%3Csvg%20xmlns%3D&#39;http%3A%2F%2Fwww.w3.org%2F2000%2Fsvg&#39;%20width=&#39;600&#39;%20height=&#39;1000&#39;%20viewBox%3D&#39;0%200%20600%201000&#39;%2F%3E\" data-czlz data-src=\"https:\/\/tunisiestand.com\/wp-content\/uploads\/2023\/02\/3-600x1000.jpg\" class=\"attachment-codevz_600_1000\" alt=\"\" title=\"3\" \/><div class=\"cz_grid_details\"><i class=\"fa fa-search cz_grid_icon\"><\/i><\/div><\/a><\/div><\/div><div class=\"cz_grid_item \"><div><a class=\"cz_grid_link \" href=\"https:\/\/tunisiestand.com\/wp-content\/uploads\/2023\/02\/4.jpg\" data-xtra-lightbox><img loading=\"lazy\" decoding=\"async\" width=\"600\" height=\"867\" src=\"data:image\/svg+xml,%3Csvg%20xmlns%3D&#39;http%3A%2F%2Fwww.w3.org%2F2000%2Fsvg&#39;%20width=&#39;600&#39;%20height=&#39;867&#39;%20viewBox%3D&#39;0%200%20600%20867&#39;%2F%3E\" data-czlz data-src=\"https:\/\/tunisiestand.com\/wp-content\/uploads\/2023\/02\/4-600x867.jpg\" class=\"attachment-codevz_600_1000\" alt=\"\" title=\"4\" \/><div class=\"cz_grid_details\"><i class=\"fa fa-search cz_grid_icon\"><\/i><\/div><\/a><\/div><\/div><div class=\"cz_grid_item \"><div><a class=\"cz_grid_link \" href=\"https:\/\/tunisiestand.com\/wp-content\/uploads\/2023\/02\/bg9-scaled.jpg\" data-xtra-lightbox><img loading=\"lazy\" decoding=\"async\" width=\"600\" height=\"1000\" src=\"data:image\/svg+xml,%3Csvg%20xmlns%3D&#39;http%3A%2F%2Fwww.w3.org%2F2000%2Fsvg&#39;%20width=&#39;600&#39;%20height=&#39;1000&#39;%20viewBox%3D&#39;0%200%20600%201000&#39;%2F%3E\" data-czlz data-src=\"https:\/\/tunisiestand.com\/wp-content\/uploads\/2023\/02\/bg9-600x1000.jpg\" class=\"attachment-codevz_600_1000\" alt=\"\" title=\"bg9\" \/><div class=\"cz_grid_details\"><i class=\"fa fa-search cz_grid_icon\"><\/i><\/div><\/a><\/div><\/div><div class=\"cz_grid_item \"><div><a class=\"cz_grid_link \" href=\"https:\/\/tunisiestand.com\/wp-content\/uploads\/2023\/02\/bg27.jpg\" data-xtra-lightbox><img loading=\"lazy\" decoding=\"async\" width=\"600\" height=\"540\" src=\"data:image\/svg+xml,%3Csvg%20xmlns%3D&#39;http%3A%2F%2Fwww.w3.org%2F2000%2Fsvg&#39;%20width=&#39;600&#39;%20height=&#39;540&#39;%20viewBox%3D&#39;0%200%20600%20540&#39;%2F%3E\" data-czlz data-src=\"https:\/\/tunisiestand.com\/wp-content\/uploads\/2023\/02\/bg27-600x540.jpg\" class=\"attachment-codevz_600_1000\" alt=\"\" title=\"bg27\" \/><div class=\"cz_grid_details\"><i class=\"fa fa-search cz_grid_icon\"><\/i><\/div><\/a><\/div><\/div><div class=\"cz_grid_item \"><div><a class=\"cz_grid_link \" href=\"https:\/\/tunisiestand.com\/wp-content\/uploads\/2023\/02\/DSC_0535-scaled.jpg\" data-xtra-lightbox><img loading=\"lazy\" decoding=\"async\" width=\"600\" height=\"1000\" src=\"data:image\/svg+xml,%3Csvg%20xmlns%3D&#39;http%3A%2F%2Fwww.w3.org%2F2000%2Fsvg&#39;%20width=&#39;600&#39;%20height=&#39;1000&#39;%20viewBox%3D&#39;0%200%20600%201000&#39;%2F%3E\" data-czlz data-src=\"https:\/\/tunisiestand.com\/wp-content\/uploads\/2023\/02\/DSC_0535-600x1000.jpg\" class=\"attachment-codevz_600_1000\" alt=\"\" title=\"DSC_0535\" \/><div class=\"cz_grid_details\"><i class=\"fa fa-search cz_grid_icon\"><\/i><\/div><\/a><\/div><\/div><div class=\"cz_grid_item \"><div><a class=\"cz_grid_link \" href=\"https:\/\/tunisiestand.com\/wp-content\/uploads\/2023\/02\/DSC_0547-scaled.jpg\" data-xtra-lightbox><img loading=\"lazy\" decoding=\"async\" width=\"600\" height=\"1000\" src=\"data:image\/svg+xml,%3Csvg%20xmlns%3D&#39;http%3A%2F%2Fwww.w3.org%2F2000%2Fsvg&#39;%20width=&#39;600&#39;%20height=&#39;1000&#39;%20viewBox%3D&#39;0%200%20600%201000&#39;%2F%3E\" data-czlz data-src=\"https:\/\/tunisiestand.com\/wp-content\/uploads\/2023\/02\/DSC_0547-600x1000.jpg\" class=\"attachment-codevz_600_1000\" alt=\"\" title=\"DSC_0547\" \/><div class=\"cz_grid_details\"><i class=\"fa fa-search cz_grid_icon\"><\/i><\/div><\/a><\/div><\/div><div class=\"cz_grid_item \"><div><a class=\"cz_grid_link \" href=\"https:\/\/tunisiestand.com\/wp-content\/uploads\/2023\/02\/estrade.jpg\" data-xtra-lightbox><img loading=\"lazy\" decoding=\"async\" width=\"600\" height=\"430\" src=\"data:image\/svg+xml,%3Csvg%20xmlns%3D&#39;http%3A%2F%2Fwww.w3.org%2F2000%2Fsvg&#39;%20width=&#39;600&#39;%20height=&#39;430&#39;%20viewBox%3D&#39;0%200%20600%20430&#39;%2F%3E\" data-czlz data-src=\"https:\/\/tunisiestand.com\/wp-content\/uploads\/2023\/02\/estrade-600x430.jpg\" class=\"attachment-codevz_600_1000\" alt=\"\" title=\"estrade\" \/><div class=\"cz_grid_details\"><i class=\"fa fa-search cz_grid_icon\"><\/i><\/div><\/a><\/div><\/div><div class=\"cz_grid_item \"><div><a class=\"cz_grid_link \" href=\"https:\/\/tunisiestand.com\/wp-content\/uploads\/2023\/02\/IMG_20181012_190705263.jpg\" data-xtra-lightbox><img loading=\"lazy\" decoding=\"async\" width=\"600\" height=\"640\" src=\"data:image\/svg+xml,%3Csvg%20xmlns%3D&#39;http%3A%2F%2Fwww.w3.org%2F2000%2Fsvg&#39;%20width=&#39;600&#39;%20height=&#39;640&#39;%20viewBox%3D&#39;0%200%20600%20640&#39;%2F%3E\" data-czlz data-src=\"https:\/\/tunisiestand.com\/wp-content\/uploads\/2023\/02\/IMG_20181012_190705263-600x640.jpg\" class=\"attachment-codevz_600_1000\" alt=\"\" title=\"IMG_20181012_190705263\" \/><div class=\"cz_grid_details\"><i class=\"fa fa-search cz_grid_icon\"><\/i><\/div><\/a><\/div><\/div><div class=\"cz_grid_item \"><div><a class=\"cz_grid_link \" href=\"https:\/\/tunisiestand.com\/wp-content\/uploads\/2023\/02\/IMG_20181012_190849593.jpg\" data-xtra-lightbox><img loading=\"lazy\" decoding=\"async\" width=\"600\" height=\"640\" src=\"data:image\/svg+xml,%3Csvg%20xmlns%3D&#39;http%3A%2F%2Fwww.w3.org%2F2000%2Fsvg&#39;%20width=&#39;600&#39;%20height=&#39;640&#39;%20viewBox%3D&#39;0%200%20600%20640&#39;%2F%3E\" data-czlz data-src=\"https:\/\/tunisiestand.com\/wp-content\/uploads\/2023\/02\/IMG_20181012_190849593-600x640.jpg\" class=\"attachment-codevz_600_1000\" alt=\"\" title=\"IMG_20181012_190849593\" \/><div class=\"cz_grid_details\"><i class=\"fa fa-search cz_grid_icon\"><\/i><\/div><\/a><\/div><\/div><div class=\"cz_grid_item \"><div><a class=\"cz_grid_link \" href=\"https:\/\/tunisiestand.com\/wp-content\/uploads\/2023\/02\/p_0005.jpg\" data-xtra-lightbox><img loading=\"lazy\" decoding=\"async\" width=\"600\" height=\"360\" src=\"data:image\/svg+xml,%3Csvg%20xmlns%3D&#39;http%3A%2F%2Fwww.w3.org%2F2000%2Fsvg&#39;%20width=&#39;600&#39;%20height=&#39;360&#39;%20viewBox%3D&#39;0%200%20600%20360&#39;%2F%3E\" data-czlz data-src=\"https:\/\/tunisiestand.com\/wp-content\/uploads\/2023\/02\/p_0005-600x360.jpg\" class=\"attachment-codevz_600_1000\" alt=\"\" title=\"p_0005\" \/><div class=\"cz_grid_details\"><i class=\"fa fa-search cz_grid_icon\"><\/i><\/div><\/a><\/div><\/div><div class=\"cz_grid_item \"><div><a class=\"cz_grid_link \" href=\"https:\/\/tunisiestand.com\/wp-content\/uploads\/2023\/02\/P1010981-scaled.jpg\" data-xtra-lightbox><img loading=\"lazy\" decoding=\"async\" width=\"600\" height=\"1000\" src=\"data:image\/svg+xml,%3Csvg%20xmlns%3D&#39;http%3A%2F%2Fwww.w3.org%2F2000%2Fsvg&#39;%20width=&#39;600&#39;%20height=&#39;1000&#39;%20viewBox%3D&#39;0%200%20600%201000&#39;%2F%3E\" data-czlz data-src=\"https:\/\/tunisiestand.com\/wp-content\/uploads\/2023\/02\/P1010981-600x1000.jpg\" class=\"attachment-codevz_600_1000\" alt=\"\" title=\"P1010981\" \/><div class=\"cz_grid_details\"><i class=\"fa fa-search cz_grid_icon\"><\/i><\/div><\/a><\/div><\/div><div class=\"cz_grid_item \"><div><a class=\"cz_grid_link \" href=\"https:\/\/tunisiestand.com\/wp-content\/uploads\/2023\/02\/presentoir.jpeg\" data-xtra-lightbox><img loading=\"lazy\" decoding=\"async\" width=\"600\" height=\"679\" src=\"data:image\/svg+xml,%3Csvg%20xmlns%3D&#39;http%3A%2F%2Fwww.w3.org%2F2000%2Fsvg&#39;%20width=&#39;600&#39;%20height=&#39;679&#39;%20viewBox%3D&#39;0%200%20600%20679&#39;%2F%3E\" data-czlz data-src=\"https:\/\/tunisiestand.com\/wp-content\/uploads\/2023\/02\/presentoir-600x679.jpeg\" class=\"attachment-codevz_600_1000\" alt=\"\" title=\"pr\u00e9sentoir\" \/><div class=\"cz_grid_details\"><i class=\"fa fa-search cz_grid_icon\"><\/i><\/div><\/a><\/div><\/div><div class=\"cz_grid_item \"><div><a class=\"cz_grid_link \" href=\"https:\/\/tunisiestand.com\/wp-content\/uploads\/2023\/02\/tente-5x10m.jpg\" data-xtra-lightbox><img loading=\"lazy\" decoding=\"async\" width=\"600\" height=\"565\" src=\"data:image\/svg+xml,%3Csvg%20xmlns%3D&#39;http%3A%2F%2Fwww.w3.org%2F2000%2Fsvg&#39;%20width=&#39;600&#39;%20height=&#39;565&#39;%20viewBox%3D&#39;0%200%20600%20565&#39;%2F%3E\" data-czlz data-src=\"https:\/\/tunisiestand.com\/wp-content\/uploads\/2023\/02\/tente-5x10m-600x565.jpg\" class=\"attachment-codevz_600_1000\" alt=\"\" title=\"tente 5x10m\" \/><div class=\"cz_grid_details\"><i class=\"fa fa-search cz_grid_icon\"><\/i><\/div><\/a><\/div><\/div><div class=\"cz_grid_item \"><div><a class=\"cz_grid_link \" href=\"https:\/\/tunisiestand.com\/wp-content\/uploads\/2023\/02\/tente-10mx20m-1.jpg\" data-xtra-lightbox><img loading=\"lazy\" decoding=\"async\" width=\"600\" height=\"360\" src=\"data:image\/svg+xml,%3Csvg%20xmlns%3D&#39;http%3A%2F%2Fwww.w3.org%2F2000%2Fsvg&#39;%20width=&#39;600&#39;%20height=&#39;360&#39;%20viewBox%3D&#39;0%200%20600%20360&#39;%2F%3E\" data-czlz data-src=\"https:\/\/tunisiestand.com\/wp-content\/uploads\/2023\/02\/tente-10mx20m-1-600x360.jpg\" class=\"attachment-codevz_600_1000\" alt=\"\" title=\"tente 10mx20m (1)\" \/><div class=\"cz_grid_details\"><i class=\"fa fa-search cz_grid_icon\"><\/i><\/div><\/a><\/div><\/div><div class=\"cz_grid_item \"><div><a class=\"cz_grid_link \" href=\"https:\/\/tunisiestand.com\/wp-content\/uploads\/2023\/02\/tente-10mx20m.jpg\" data-xtra-lightbox><img loading=\"lazy\" decoding=\"async\" width=\"600\" height=\"439\" src=\"data:image\/svg+xml,%3Csvg%20xmlns%3D&#39;http%3A%2F%2Fwww.w3.org%2F2000%2Fsvg&#39;%20width=&#39;600&#39;%20height=&#39;439&#39;%20viewBox%3D&#39;0%200%20600%20439&#39;%2F%3E\" data-czlz data-src=\"https:\/\/tunisiestand.com\/wp-content\/uploads\/2023\/02\/tente-10mx20m-600x439.jpg\" class=\"attachment-codevz_600_1000\" alt=\"\" title=\"tente 10mx20m\" \/><div class=\"cz_grid_details\"><i class=\"fa fa-search cz_grid_icon\"><\/i><\/div><\/a><\/div><\/div><div class=\"cz_grid_item \"><div><a class=\"cz_grid_link \" href=\"https:\/\/tunisiestand.com\/wp-content\/uploads\/2023\/02\/tente-10x5m-decore-en-lycra.jpg\" data-xtra-lightbox><img loading=\"lazy\" decoding=\"async\" width=\"600\" height=\"596\" src=\"data:image\/svg+xml,%3Csvg%20xmlns%3D&#39;http%3A%2F%2Fwww.w3.org%2F2000%2Fsvg&#39;%20width=&#39;600&#39;%20height=&#39;596&#39;%20viewBox%3D&#39;0%200%20600%20596&#39;%2F%3E\" data-czlz data-src=\"https:\/\/tunisiestand.com\/wp-content\/uploads\/2023\/02\/tente-10x5m-decore-en-lycra-600x596.jpg\" class=\"attachment-codevz_600_1000\" alt=\"\" title=\"tente 10x5m d\u00e9cor\u00e9 en lycra\" data-srcset=\"https:\/\/tunisiestand.com\/wp-content\/uploads\/2023\/02\/tente-10x5m-decore-en-lycra-600x596.jpg 600w, https:\/\/tunisiestand.com\/wp-content\/uploads\/2023\/02\/tente-10x5m-decore-en-lycra-100x100.jpg 100w, https:\/\/tunisiestand.com\/wp-content\/uploads\/2023\/02\/tente-10x5m-decore-en-lycra-150x150.jpg 150w\" data-sizes=\"(max-width: 600px) 100vw, 600px\" \/><div class=\"cz_grid_details\"><i class=\"fa fa-search cz_grid_icon\"><\/i><\/div><\/a><\/div><\/div><div class=\"cz_grid_item \"><div><a class=\"cz_grid_link \" href=\"https:\/\/tunisiestand.com\/wp-content\/uploads\/2023\/02\/tente-200m\u00b2-avec-decoration-du-toile-en-tissu.jpg\" data-xtra-lightbox><img loading=\"lazy\" decoding=\"async\" width=\"600\" height=\"439\" src=\"data:image\/svg+xml,%3Csvg%20xmlns%3D&#39;http%3A%2F%2Fwww.w3.org%2F2000%2Fsvg&#39;%20width=&#39;600&#39;%20height=&#39;439&#39;%20viewBox%3D&#39;0%200%20600%20439&#39;%2F%3E\" data-czlz data-src=\"https:\/\/tunisiestand.com\/wp-content\/uploads\/2023\/02\/tente-200m\u00b2-avec-decoration-du-toile-en-tissu-600x439.jpg\" class=\"attachment-codevz_600_1000\" alt=\"\" title=\"tente 200m\u00b2 avec decoration du toile en tissu\" \/><div class=\"cz_grid_details\"><i class=\"fa fa-search cz_grid_icon\"><\/i><\/div><\/a><\/div><\/div><div class=\"cz_grid_item \"><div><a class=\"cz_grid_link \" href=\"https:\/\/tunisiestand.com\/wp-content\/uploads\/2023\/02\/tente-200m\u00b2-avec-stand-decoration-en-lycra-scaled.jpg\" data-xtra-lightbox><img loading=\"lazy\" decoding=\"async\" width=\"600\" height=\"1000\" src=\"data:image\/svg+xml,%3Csvg%20xmlns%3D&#39;http%3A%2F%2Fwww.w3.org%2F2000%2Fsvg&#39;%20width=&#39;600&#39;%20height=&#39;1000&#39;%20viewBox%3D&#39;0%200%20600%201000&#39;%2F%3E\" data-czlz data-src=\"https:\/\/tunisiestand.com\/wp-content\/uploads\/2023\/02\/tente-200m\u00b2-avec-stand-decoration-en-lycra-600x1000.jpg\" class=\"attachment-codevz_600_1000\" alt=\"\" title=\"tente 200m\u00b2 avec stand (decoration en lycra)\" \/><div class=\"cz_grid_details\"><i class=\"fa fa-search cz_grid_icon\"><\/i><\/div><\/a><\/div><\/div><div class=\"cz_grid_item \"><div><a class=\"cz_grid_link \" href=\"https:\/\/tunisiestand.com\/wp-content\/uploads\/2023\/02\/tente01-scaled.jpg\" data-xtra-lightbox><img loading=\"lazy\" decoding=\"async\" width=\"600\" height=\"1000\" src=\"data:image\/svg+xml,%3Csvg%20xmlns%3D&#39;http%3A%2F%2Fwww.w3.org%2F2000%2Fsvg&#39;%20width=&#39;600&#39;%20height=&#39;1000&#39;%20viewBox%3D&#39;0%200%20600%201000&#39;%2F%3E\" data-czlz data-src=\"https:\/\/tunisiestand.com\/wp-content\/uploads\/2023\/02\/tente01-600x1000.jpg\" class=\"attachment-codevz_600_1000\" alt=\"\" title=\"tente01\" \/><div class=\"cz_grid_details\"><i class=\"fa fa-search cz_grid_icon\"><\/i><\/div><\/a><\/div><\/div><div class=\"cz_grid_item \"><div><a class=\"cz_grid_link \" href=\"https:\/\/tunisiestand.com\/wp-content\/uploads\/2023\/02\/tente3.jpeg\" data-xtra-lightbox><img loading=\"lazy\" decoding=\"async\" width=\"600\" height=\"780\" src=\"data:image\/svg+xml,%3Csvg%20xmlns%3D&#39;http%3A%2F%2Fwww.w3.org%2F2000%2Fsvg&#39;%20width=&#39;600&#39;%20height=&#39;780&#39;%20viewBox%3D&#39;0%200%20600%20780&#39;%2F%3E\" data-czlz data-src=\"https:\/\/tunisiestand.com\/wp-content\/uploads\/2023\/02\/tente3-600x780.jpeg\" class=\"attachment-codevz_600_1000\" alt=\"\" title=\"tente3\" \/><div class=\"cz_grid_details\"><i class=\"fa fa-search cz_grid_icon\"><\/i><\/div><\/a><\/div><\/div><div class=\"cz_grid_item \"><div><a class=\"cz_grid_link \" href=\"https:\/\/tunisiestand.com\/wp-content\/uploads\/2023\/02\/tente3x6m.jpg\" data-xtra-lightbox><img loading=\"lazy\" decoding=\"async\" width=\"600\" height=\"1000\" src=\"data:image\/svg+xml,%3Csvg%20xmlns%3D&#39;http%3A%2F%2Fwww.w3.org%2F2000%2Fsvg&#39;%20width=&#39;600&#39;%20height=&#39;1000&#39;%20viewBox%3D&#39;0%200%20600%201000&#39;%2F%3E\" data-czlz data-src=\"https:\/\/tunisiestand.com\/wp-content\/uploads\/2023\/02\/tente3x6m-600x1000.jpg\" class=\"attachment-codevz_600_1000\" alt=\"\" title=\"tente3x6m\" \/><div class=\"cz_grid_details\"><i class=\"fa fa-search cz_grid_icon\"><\/i><\/div><\/a><\/div><\/div><div class=\"cz_grid_item \"><div><a class=\"cz_grid_link \" href=\"https:\/\/tunisiestand.com\/wp-content\/uploads\/2023\/02\/tente4-2.jpeg\" data-xtra-lightbox><img loading=\"lazy\" decoding=\"async\" width=\"600\" height=\"780\" src=\"data:image\/svg+xml,%3Csvg%20xmlns%3D&#39;http%3A%2F%2Fwww.w3.org%2F2000%2Fsvg&#39;%20width=&#39;600&#39;%20height=&#39;780&#39;%20viewBox%3D&#39;0%200%20600%20780&#39;%2F%3E\" data-czlz data-src=\"https:\/\/tunisiestand.com\/wp-content\/uploads\/2023\/02\/tente4-2-600x780.jpeg\" class=\"attachment-codevz_600_1000\" alt=\"\" title=\"tente4 (2)\" \/><div class=\"cz_grid_details\"><i class=\"fa fa-search cz_grid_icon\"><\/i><\/div><\/a><\/div><\/div><div class=\"cz_grid_item \"><div><a class=\"cz_grid_link \" href=\"https:\/\/tunisiestand.com\/wp-content\/uploads\/2023\/02\/tente6.jpeg\" data-xtra-lightbox><img loading=\"lazy\" decoding=\"async\" width=\"600\" height=\"780\" src=\"data:image\/svg+xml,%3Csvg%20xmlns%3D&#39;http%3A%2F%2Fwww.w3.org%2F2000%2Fsvg&#39;%20width=&#39;600&#39;%20height=&#39;780&#39;%20viewBox%3D&#39;0%200%20600%20780&#39;%2F%3E\" data-czlz data-src=\"https:\/\/tunisiestand.com\/wp-content\/uploads\/2023\/02\/tente6-600x780.jpeg\" class=\"attachment-codevz_600_1000\" alt=\"\" title=\"tente6\" \/><div class=\"cz_grid_details\"><i class=\"fa fa-search cz_grid_icon\"><\/i><\/div><\/a><\/div><\/div><div class=\"cz_grid_item \"><div><a class=\"cz_grid_link \" href=\"https:\/\/tunisiestand.com\/wp-content\/uploads\/2023\/02\/WhatsApp-Image-2020-05-16-at-11.57.00-AM-2.jpeg\" data-xtra-lightbox><img loading=\"lazy\" decoding=\"async\" width=\"600\" height=\"679\" src=\"data:image\/svg+xml,%3Csvg%20xmlns%3D&#39;http%3A%2F%2Fwww.w3.org%2F2000%2Fsvg&#39;%20width=&#39;600&#39;%20height=&#39;679&#39;%20viewBox%3D&#39;0%200%20600%20679&#39;%2F%3E\" data-czlz data-src=\"https:\/\/tunisiestand.com\/wp-content\/uploads\/2023\/02\/WhatsApp-Image-2020-05-16-at-11.57.00-AM-2-600x679.jpeg\" class=\"attachment-codevz_600_1000\" alt=\"\" title=\"WhatsApp Image 2020-05-16 at 11.57.00 AM (2)\" \/><div class=\"cz_grid_details\"><i class=\"fa fa-search cz_grid_icon\"><\/i><\/div><\/a><\/div><\/div><div class=\"cz_grid_item \"><div><a class=\"cz_grid_link \" href=\"https:\/\/tunisiestand.com\/wp-content\/uploads\/2023\/02\/WhatsApp-Image-2021-06-22-at-10.36.13.jpeg\" data-xtra-lightbox><img loading=\"lazy\" decoding=\"async\" width=\"600\" height=\"578\" src=\"data:image\/svg+xml,%3Csvg%20xmlns%3D&#39;http%3A%2F%2Fwww.w3.org%2F2000%2Fsvg&#39;%20width=&#39;600&#39;%20height=&#39;578&#39;%20viewBox%3D&#39;0%200%20600%20578&#39;%2F%3E\" data-czlz data-src=\"https:\/\/tunisiestand.com\/wp-content\/uploads\/2023\/02\/WhatsApp-Image-2021-06-22-at-10.36.13-600x578.jpeg\" class=\"attachment-codevz_600_1000\" alt=\"\" title=\"WhatsApp Image 2021-06-22 at 10.36.13\" \/><div class=\"cz_grid_details\"><i class=\"fa fa-search cz_grid_icon\"><\/i><\/div><\/a><\/div><\/div><\/div><\/div><div class=\"cz_gap clr \" style=\"height: 50px\"><\/div>[\/vc_column][vc_column width=\u00a0\u00bb1\/2&Prime; el_class=\u00a0\u00bbcz_sticky_col\u00a0\u00bb]<div id=\"cz_37393\" class=\"cz_37393 cz_title clr cz_title_pos_inline\"><div class=\"cz_title_content\"><div class=\"cz_wpe_content\"><p class=\"lead mb-xl mt-lg\">Vous voulez am\u00e9liorer l&rsquo;image de marque de votre entreprise ? Donner une premi\u00e8re bonne impression, \u00eatre dans les m\u00e9moires ou encore mieux&#8230; conqu\u00e9rir de nouveaux clients ?\u00a0 &#8211; Votre objectif est le n\u00f4tre ! Avec <strong>notre tente d&rsquo;exposition, nous vous garantissons une visibilit\u00e9 maximale<\/strong> lors de votre prochaine participation \u00e0 un salon.<\/p>\n<\/div><\/div><\/div><div class=\"cz_gap clr \" style=\"height: 40px\"><\/div><div id=\"cz_48856\" class=\"cz_48856 cz_wh cz_wh_line_between\"><div class=\"mb10 last0 clr\"><div class=\"clr\"><span class=\"cz_wh_left\"><b>Tente pour<\/b><\/span><span class=\"cz_wh_right\">une r\u00e9ception <\/span><\/div><div class=\"cz_wh_line\"><\/div><\/div><div class=\"mb10 last0 clr\"><div class=\"clr\"><span class=\"cz_wh_left\"><b>Tente pour <\/b><\/span><span class=\"cz_wh_right\">Lancement de Produit<\/span><\/div><div class=\"cz_wh_line\"><\/div><\/div><div class=\"mb10 last0 clr\"><div class=\"clr\"><span class=\"cz_wh_left\"><b>Tente pour <\/b><\/span><span class=\"cz_wh_right\">Point de Vente<\/span><\/div><div class=\"cz_wh_line\"><\/div><\/div><div class=\"mb10 last0 clr\"><div class=\"clr\"><span class=\"cz_wh_left\"><b>Tente pour <\/b><\/span><span class=\"cz_wh_right\">Espace d'exposition des stands<\/span><\/div><div class=\"cz_wh_line\"><\/div><\/div><div class=\"mb10 last0 clr\"><div class=\"clr\"><span class=\"cz_wh_left\"><b>Tente pour <\/b><\/span><span class=\"cz_wh_right\">Support publicitaire avec impression sur bache<\/span><\/div><div class=\"cz_wh_line\"><\/div><\/div><\/div>[\/vc_column][\/vc_row][vc_row][vc_column]<div class=\"cz_gap clr \" style=\"height: 50px\"><\/div>[\/vc_column][\/vc_row]<\/p>\n<\/section>","protected":false},"excerpt":{"rendered":"<p>[vc_row][vc_column][\/vc_column][\/vc_row][vc_row][vc_column width=\u00a0\u00bb1\/2&Prime;][\/vc_column][vc_column width=\u00a0\u00bb1\/2&Prime; el_class=\u00a0\u00bbcz_sticky_col\u00a0\u00bb][\/vc_column][\/vc_row][vc_row][vc_column][\/vc_column][\/vc_row] &#8230; <\/p>\n","protected":false},"author":1,"featured_media":0,"parent":0,"menu_order":0,"comment_status":"closed","ping_status":"closed","template":"","meta":{"footnotes":""},"class_list":["post-2401","page","type-page","status-publish","hentry"],"_links":{"self":[{"href":"https:\/\/tunisiestand.com\/index.php?rest_route=\/wp\/v2\/pages\/2401","targetHints":{"allow":["GET"]}}],"collection":[{"href":"https:\/\/tunisiestand.com\/index.php?rest_route=\/wp\/v2\/pages"}],"about":[{"href":"https:\/\/tunisiestand.com\/index.php?rest_route=\/wp\/v2\/types\/page"}],"author":[{"embeddable":true,"href":"https:\/\/tunisiestand.com\/index.php?rest_route=\/wp\/v2\/users\/1"}],"replies":[{"embeddable":true,"href":"https:\/\/tunisiestand.com\/index.php?rest_route=%2Fwp%2Fv2%2Fcomments&post=2401"}],"version-history":[{"count":7,"href":"https:\/\/tunisiestand.com\/index.php?rest_route=\/wp\/v2\/pages\/2401\/revisions"}],"predecessor-version":[{"id":2564,"href":"https:\/\/tunisiestand.com\/index.php?rest_route=\/wp\/v2\/pages\/2401\/revisions\/2564"}],"wp:attachment":[{"href":"https:\/\/tunisiestand.com\/index.php?rest_route=%2Fwp%2Fv2%2Fmedia&parent=2401"}],"curies":[{"name":"wp","href":"https:\/\/api.w.org\/{rel}","templated":true}]}}