{"id":2343,"date":"2023-02-14T22:14:33","date_gmt":"2023-02-14T21:14:33","guid":{"rendered":"http:\/\/tunisiestand.com\/?page_id=2343"},"modified":"2025-09-10T12:39:51","modified_gmt":"2025-09-10T10:39:51","slug":"stand-en-bois","status":"publish","type":"page","link":"https:\/\/tunisiestand.com\/?page_id=2343","title":{"rendered":"Panneau d&rsquo;Affichage"},"content":{"rendered":"<section class=\"wpb-content-wrapper\"><p>[vc_row][vc_column]<div class=\"cz_gap clr  hide_on_mobile\" style=\"height: 50px\"><\/div><div class=\"cz_gap show_on_mobile clr\" style=\"height: 0px\"><\/div>[\/vc_column][\/vc_row][vc_row][vc_column]<div id=\"cz_95449\" class=\"cz_grid_p cz_95449\"><div class=\"cz_grid cz_grid_1 clr cz_grid_c2 cz_grid_l2 cz_grid_1_no_title cz_grid_1_mid tac cz_grid_two_columns_on_mobile\" data-gap=\"30\"><div class=\"cz_grid_item cz_grid_first\"><\/div><div class=\"cz_grid_item \"><div><a class=\"cz_grid_link \" href=\"https:\/\/tunisiestand.com\/wp-content\/uploads\/2025\/09\/Panneau-6.jpg\" data-xtra-lightbox><img fetchpriority=\"high\" decoding=\"async\" width=\"1200\" height=\"500\" src=\"data:image\/svg+xml,%3Csvg%20xmlns%3D&#39;http%3A%2F%2Fwww.w3.org%2F2000%2Fsvg&#39;%20width=&#39;1200&#39;%20height=&#39;500&#39;%20viewBox%3D&#39;0%200%201200%20500&#39;%2F%3E\" data-czlz data-src=\"https:\/\/tunisiestand.com\/wp-content\/uploads\/2025\/09\/Panneau-6-1200x500.jpg\" class=\"attachment-codevz_1200_500\" alt=\"\" title=\"Panneau 6\" \/><div class=\"cz_grid_details\"><i class=\"fa czico-181-search-1 cz_grid_icon\"><\/i><\/div><\/a><\/div><\/div><div class=\"cz_grid_item \"><div><a class=\"cz_grid_link \" href=\"https:\/\/tunisiestand.com\/wp-content\/uploads\/2025\/09\/Panneau-2.jpg\" data-xtra-lightbox><img decoding=\"async\" width=\"1200\" height=\"500\" src=\"data:image\/svg+xml,%3Csvg%20xmlns%3D&#39;http%3A%2F%2Fwww.w3.org%2F2000%2Fsvg&#39;%20width=&#39;1200&#39;%20height=&#39;500&#39;%20viewBox%3D&#39;0%200%201200%20500&#39;%2F%3E\" data-czlz data-src=\"https:\/\/tunisiestand.com\/wp-content\/uploads\/2025\/09\/Panneau-2-1200x500.jpg\" class=\"attachment-codevz_1200_500\" alt=\"\" title=\"Panneau 2\" \/><div class=\"cz_grid_details\"><i class=\"fa czico-181-search-1 cz_grid_icon\"><\/i><\/div><\/a><\/div><\/div><div class=\"cz_grid_item \"><div><a class=\"cz_grid_link \" href=\"https:\/\/tunisiestand.com\/wp-content\/uploads\/2025\/09\/Panneau-5.jpg\" data-xtra-lightbox><img decoding=\"async\" width=\"1200\" height=\"500\" src=\"data:image\/svg+xml,%3Csvg%20xmlns%3D&#39;http%3A%2F%2Fwww.w3.org%2F2000%2Fsvg&#39;%20width=&#39;1200&#39;%20height=&#39;500&#39;%20viewBox%3D&#39;0%200%201200%20500&#39;%2F%3E\" data-czlz data-src=\"https:\/\/tunisiestand.com\/wp-content\/uploads\/2025\/09\/Panneau-5-1200x500.jpg\" class=\"attachment-codevz_1200_500\" alt=\"\" title=\"Panneau 5\" \/><div class=\"cz_grid_details\"><i class=\"fa czico-181-search-1 cz_grid_icon\"><\/i><\/div><\/a><\/div><\/div><div class=\"cz_grid_item \"><div><a class=\"cz_grid_link \" href=\"https:\/\/tunisiestand.com\/wp-content\/uploads\/2025\/09\/Panneau-1.jpg\" data-xtra-lightbox><img loading=\"lazy\" decoding=\"async\" width=\"1200\" height=\"500\" src=\"data:image\/svg+xml,%3Csvg%20xmlns%3D&#39;http%3A%2F%2Fwww.w3.org%2F2000%2Fsvg&#39;%20width=&#39;1200&#39;%20height=&#39;500&#39;%20viewBox%3D&#39;0%200%201200%20500&#39;%2F%3E\" data-czlz data-src=\"https:\/\/tunisiestand.com\/wp-content\/uploads\/2025\/09\/Panneau-1-1200x500.jpg\" class=\"attachment-codevz_1200_500\" alt=\"\" title=\"Panneau 1\" \/><div class=\"cz_grid_details\"><i class=\"fa czico-181-search-1 cz_grid_icon\"><\/i><\/div><\/a><\/div><\/div><div class=\"cz_grid_item \"><div><a class=\"cz_grid_link \" href=\"https:\/\/tunisiestand.com\/wp-content\/uploads\/2023\/02\/IMG-20230204-WA0000-1.jpg\" data-xtra-lightbox><img loading=\"lazy\" decoding=\"async\" width=\"1040\" height=\"500\" src=\"data:image\/svg+xml,%3Csvg%20xmlns%3D&#39;http%3A%2F%2Fwww.w3.org%2F2000%2Fsvg&#39;%20width=&#39;1040&#39;%20height=&#39;500&#39;%20viewBox%3D&#39;0%200%201040%20500&#39;%2F%3E\" data-czlz data-src=\"https:\/\/tunisiestand.com\/wp-content\/uploads\/2023\/02\/IMG-20230204-WA0000-1-1040x500.jpg\" class=\"attachment-codevz_1200_500\" alt=\"\" title=\"IMG-20230204-WA0000\" \/><div class=\"cz_grid_details\"><i class=\"fa czico-181-search-1 cz_grid_icon\"><\/i><\/div><\/a><\/div><\/div><div class=\"cz_grid_item \"><div><a class=\"cz_grid_link \" href=\"https:\/\/tunisiestand.com\/wp-content\/uploads\/2023\/02\/IMG-20230204-WA0003-1.jpg\" data-xtra-lightbox><img loading=\"lazy\" decoding=\"async\" width=\"780\" height=\"500\" src=\"data:image\/svg+xml,%3Csvg%20xmlns%3D&#39;http%3A%2F%2Fwww.w3.org%2F2000%2Fsvg&#39;%20width=&#39;780&#39;%20height=&#39;500&#39;%20viewBox%3D&#39;0%200%20780%20500&#39;%2F%3E\" data-czlz data-src=\"https:\/\/tunisiestand.com\/wp-content\/uploads\/2023\/02\/IMG-20230204-WA0003-1-780x500.jpg\" class=\"attachment-codevz_1200_500\" alt=\"\" title=\"IMG-20230204-WA0003\" \/><div class=\"cz_grid_details\"><i class=\"fa czico-181-search-1 cz_grid_icon\"><\/i><\/div><\/a><\/div><\/div><div class=\"cz_grid_item \"><div><a class=\"cz_grid_link \" href=\"https:\/\/tunisiestand.com\/wp-content\/uploads\/2023\/02\/IMG-20230204-WA0005.jpg\" data-xtra-lightbox><img loading=\"lazy\" decoding=\"async\" width=\"1040\" height=\"500\" src=\"data:image\/svg+xml,%3Csvg%20xmlns%3D&#39;http%3A%2F%2Fwww.w3.org%2F2000%2Fsvg&#39;%20width=&#39;1040&#39;%20height=&#39;500&#39;%20viewBox%3D&#39;0%200%201040%20500&#39;%2F%3E\" data-czlz data-src=\"https:\/\/tunisiestand.com\/wp-content\/uploads\/2023\/02\/IMG-20230204-WA0005-1040x500.jpg\" class=\"attachment-codevz_1200_500\" alt=\"\" title=\"IMG-20230204-WA0005\" \/><div class=\"cz_grid_details\"><i class=\"fa czico-181-search-1 cz_grid_icon\"><\/i><\/div><\/a><\/div><\/div><div class=\"cz_grid_item \"><div><a class=\"cz_grid_link \" href=\"https:\/\/tunisiestand.com\/wp-content\/uploads\/2023\/02\/IMG-20230123-WA0002-1.jpg\" data-xtra-lightbox><img loading=\"lazy\" decoding=\"async\" width=\"1200\" height=\"500\" src=\"data:image\/svg+xml,%3Csvg%20xmlns%3D&#39;http%3A%2F%2Fwww.w3.org%2F2000%2Fsvg&#39;%20width=&#39;1200&#39;%20height=&#39;500&#39;%20viewBox%3D&#39;0%200%201200%20500&#39;%2F%3E\" data-czlz data-src=\"https:\/\/tunisiestand.com\/wp-content\/uploads\/2023\/02\/IMG-20230123-WA0002-1-1200x500.jpg\" class=\"attachment-codevz_1200_500\" alt=\"\" title=\"IMG-20230123-WA0002\" \/><div class=\"cz_grid_details\"><i class=\"fa czico-181-search-1 cz_grid_icon\"><\/i><\/div><\/a><\/div><\/div><div class=\"cz_grid_item \"><div><a class=\"cz_grid_link \" href=\"https:\/\/tunisiestand.com\/wp-content\/uploads\/2023\/02\/IMG-20230123-WA0003.jpg\" data-xtra-lightbox><img loading=\"lazy\" decoding=\"async\" width=\"1156\" height=\"500\" src=\"data:image\/svg+xml,%3Csvg%20xmlns%3D&#39;http%3A%2F%2Fwww.w3.org%2F2000%2Fsvg&#39;%20width=&#39;1156&#39;%20height=&#39;500&#39;%20viewBox%3D&#39;0%200%201156%20500&#39;%2F%3E\" data-czlz data-src=\"https:\/\/tunisiestand.com\/wp-content\/uploads\/2023\/02\/IMG-20230123-WA0003-1156x500.jpg\" class=\"attachment-codevz_1200_500\" alt=\"\" title=\"IMG-20230123-WA0003\" \/><div class=\"cz_grid_details\"><i class=\"fa czico-181-search-1 cz_grid_icon\"><\/i><\/div><\/a><\/div><\/div><div class=\"cz_grid_item \"><div><a class=\"cz_grid_link \" href=\"https:\/\/tunisiestand.com\/wp-content\/uploads\/2023\/02\/IMG-20230123-WA0004.jpg\" data-xtra-lightbox><img loading=\"lazy\" decoding=\"async\" width=\"1200\" height=\"500\" src=\"data:image\/svg+xml,%3Csvg%20xmlns%3D&#39;http%3A%2F%2Fwww.w3.org%2F2000%2Fsvg&#39;%20width=&#39;1200&#39;%20height=&#39;500&#39;%20viewBox%3D&#39;0%200%201200%20500&#39;%2F%3E\" data-czlz data-src=\"https:\/\/tunisiestand.com\/wp-content\/uploads\/2023\/02\/IMG-20230123-WA0004-1200x500.jpg\" class=\"attachment-codevz_1200_500\" alt=\"\" title=\"IMG-20230123-WA0004\" \/><div class=\"cz_grid_details\"><i class=\"fa czico-181-search-1 cz_grid_icon\"><\/i><\/div><\/a><\/div><\/div><div class=\"cz_grid_item \"><div><a class=\"cz_grid_link \" href=\"https:\/\/tunisiestand.com\/wp-content\/uploads\/2023\/02\/IMG-20230123-WA0005-1.jpg\" data-xtra-lightbox><img loading=\"lazy\" decoding=\"async\" width=\"1156\" height=\"500\" src=\"data:image\/svg+xml,%3Csvg%20xmlns%3D&#39;http%3A%2F%2Fwww.w3.org%2F2000%2Fsvg&#39;%20width=&#39;1156&#39;%20height=&#39;500&#39;%20viewBox%3D&#39;0%200%201156%20500&#39;%2F%3E\" data-czlz data-src=\"https:\/\/tunisiestand.com\/wp-content\/uploads\/2023\/02\/IMG-20230123-WA0005-1-1156x500.jpg\" class=\"attachment-codevz_1200_500\" alt=\"\" title=\"IMG-20230123-WA0005\" \/><div class=\"cz_grid_details\"><i class=\"fa czico-181-search-1 cz_grid_icon\"><\/i><\/div><\/a><\/div><\/div><div class=\"cz_grid_item \"><div><a class=\"cz_grid_link \" href=\"https:\/\/tunisiestand.com\/wp-content\/uploads\/2023\/02\/IMG-20230123-WA0009-1.jpg\" data-xtra-lightbox><img loading=\"lazy\" decoding=\"async\" width=\"1200\" height=\"500\" src=\"data:image\/svg+xml,%3Csvg%20xmlns%3D&#39;http%3A%2F%2Fwww.w3.org%2F2000%2Fsvg&#39;%20width=&#39;1200&#39;%20height=&#39;500&#39;%20viewBox%3D&#39;0%200%201200%20500&#39;%2F%3E\" data-czlz data-src=\"https:\/\/tunisiestand.com\/wp-content\/uploads\/2023\/02\/IMG-20230123-WA0009-1-1200x500.jpg\" class=\"attachment-codevz_1200_500\" alt=\"\" title=\"IMG-20230123-WA0009\" \/><div class=\"cz_grid_details\"><i class=\"fa czico-181-search-1 cz_grid_icon\"><\/i><\/div><\/a><\/div><\/div><div class=\"cz_grid_item \"><div><a class=\"cz_grid_link \" href=\"https:\/\/tunisiestand.com\/wp-content\/uploads\/2023\/02\/IMG-20230123-WA0011-1.jpg\" data-xtra-lightbox><img loading=\"lazy\" decoding=\"async\" width=\"1200\" height=\"500\" src=\"data:image\/svg+xml,%3Csvg%20xmlns%3D&#39;http%3A%2F%2Fwww.w3.org%2F2000%2Fsvg&#39;%20width=&#39;1200&#39;%20height=&#39;500&#39;%20viewBox%3D&#39;0%200%201200%20500&#39;%2F%3E\" data-czlz data-src=\"https:\/\/tunisiestand.com\/wp-content\/uploads\/2023\/02\/IMG-20230123-WA0011-1-1200x500.jpg\" class=\"attachment-codevz_1200_500\" alt=\"\" title=\"IMG-20230123-WA0011\" \/><div class=\"cz_grid_details\"><i class=\"fa czico-181-search-1 cz_grid_icon\"><\/i><\/div><\/a><\/div><\/div><div class=\"cz_grid_item \"><div><a class=\"cz_grid_link \" href=\"https:\/\/tunisiestand.com\/wp-content\/uploads\/2023\/02\/IMG-20230123-WA0013-1.jpg\" data-xtra-lightbox><img loading=\"lazy\" decoding=\"async\" width=\"1200\" height=\"500\" src=\"data:image\/svg+xml,%3Csvg%20xmlns%3D&#39;http%3A%2F%2Fwww.w3.org%2F2000%2Fsvg&#39;%20width=&#39;1200&#39;%20height=&#39;500&#39;%20viewBox%3D&#39;0%200%201200%20500&#39;%2F%3E\" data-czlz data-src=\"https:\/\/tunisiestand.com\/wp-content\/uploads\/2023\/02\/IMG-20230123-WA0013-1-1200x500.jpg\" class=\"attachment-codevz_1200_500\" alt=\"\" title=\"IMG-20230123-WA0013\" \/><div class=\"cz_grid_details\"><i class=\"fa czico-181-search-1 cz_grid_icon\"><\/i><\/div><\/a><\/div><\/div><div class=\"cz_grid_item \"><div><a class=\"cz_grid_link \" href=\"https:\/\/tunisiestand.com\/wp-content\/uploads\/2023\/02\/panneaux51.jpg\" data-xtra-lightbox><img loading=\"lazy\" decoding=\"async\" width=\"800\" height=\"500\" src=\"data:image\/svg+xml,%3Csvg%20xmlns%3D&#39;http%3A%2F%2Fwww.w3.org%2F2000%2Fsvg&#39;%20width=&#39;800&#39;%20height=&#39;500&#39;%20viewBox%3D&#39;0%200%20800%20500&#39;%2F%3E\" data-czlz data-src=\"https:\/\/tunisiestand.com\/wp-content\/uploads\/2023\/02\/panneaux51-800x500.jpg\" class=\"attachment-codevz_1200_500\" alt=\"\" title=\"panneaux51\" \/><div class=\"cz_grid_details\"><i class=\"fa czico-181-search-1 cz_grid_icon\"><\/i><\/div><\/a><\/div><\/div><div class=\"cz_grid_item \"><div><a class=\"cz_grid_link \" href=\"https:\/\/tunisiestand.com\/wp-content\/uploads\/2023\/02\/panneaux50.jpg\" data-xtra-lightbox><img loading=\"lazy\" decoding=\"async\" width=\"800\" height=\"500\" src=\"data:image\/svg+xml,%3Csvg%20xmlns%3D&#39;http%3A%2F%2Fwww.w3.org%2F2000%2Fsvg&#39;%20width=&#39;800&#39;%20height=&#39;500&#39;%20viewBox%3D&#39;0%200%20800%20500&#39;%2F%3E\" data-czlz data-src=\"https:\/\/tunisiestand.com\/wp-content\/uploads\/2023\/02\/panneaux50-800x500.jpg\" class=\"attachment-codevz_1200_500\" alt=\"\" title=\"panneaux50\" \/><div class=\"cz_grid_details\"><i class=\"fa czico-181-search-1 cz_grid_icon\"><\/i><\/div><\/a><\/div><\/div><div class=\"cz_grid_item \"><div><a class=\"cz_grid_link \" href=\"https:\/\/tunisiestand.com\/wp-content\/uploads\/2023\/02\/panneaux48.jpg\" data-xtra-lightbox><img loading=\"lazy\" decoding=\"async\" width=\"800\" height=\"500\" src=\"data:image\/svg+xml,%3Csvg%20xmlns%3D&#39;http%3A%2F%2Fwww.w3.org%2F2000%2Fsvg&#39;%20width=&#39;800&#39;%20height=&#39;500&#39;%20viewBox%3D&#39;0%200%20800%20500&#39;%2F%3E\" data-czlz data-src=\"https:\/\/tunisiestand.com\/wp-content\/uploads\/2023\/02\/panneaux48-800x500.jpg\" class=\"attachment-codevz_1200_500\" alt=\"\" title=\"panneaux48\" \/><div class=\"cz_grid_details\"><i class=\"fa czico-181-search-1 cz_grid_icon\"><\/i><\/div><\/a><\/div><\/div><div class=\"cz_grid_item \"><div><a class=\"cz_grid_link \" href=\"https:\/\/tunisiestand.com\/wp-content\/uploads\/2023\/02\/panneaux46.jpg\" data-xtra-lightbox><img loading=\"lazy\" decoding=\"async\" width=\"800\" height=\"500\" src=\"data:image\/svg+xml,%3Csvg%20xmlns%3D&#39;http%3A%2F%2Fwww.w3.org%2F2000%2Fsvg&#39;%20width=&#39;800&#39;%20height=&#39;500&#39;%20viewBox%3D&#39;0%200%20800%20500&#39;%2F%3E\" data-czlz data-src=\"https:\/\/tunisiestand.com\/wp-content\/uploads\/2023\/02\/panneaux46-800x500.jpg\" class=\"attachment-codevz_1200_500\" alt=\"\" title=\"panneaux46\" \/><div class=\"cz_grid_details\"><i class=\"fa czico-181-search-1 cz_grid_icon\"><\/i><\/div><\/a><\/div><\/div><div class=\"cz_grid_item \"><div><a class=\"cz_grid_link \" href=\"https:\/\/tunisiestand.com\/wp-content\/uploads\/2023\/02\/panneaux45.jpg\" data-xtra-lightbox><img loading=\"lazy\" decoding=\"async\" width=\"800\" height=\"500\" src=\"data:image\/svg+xml,%3Csvg%20xmlns%3D&#39;http%3A%2F%2Fwww.w3.org%2F2000%2Fsvg&#39;%20width=&#39;800&#39;%20height=&#39;500&#39;%20viewBox%3D&#39;0%200%20800%20500&#39;%2F%3E\" data-czlz data-src=\"https:\/\/tunisiestand.com\/wp-content\/uploads\/2023\/02\/panneaux45-800x500.jpg\" class=\"attachment-codevz_1200_500\" alt=\"\" title=\"panneaux45\" \/><div class=\"cz_grid_details\"><i class=\"fa czico-181-search-1 cz_grid_icon\"><\/i><\/div><\/a><\/div><\/div><div class=\"cz_grid_item \"><div><a class=\"cz_grid_link \" href=\"https:\/\/tunisiestand.com\/wp-content\/uploads\/2023\/02\/panneaux44.jpg\" data-xtra-lightbox><img loading=\"lazy\" decoding=\"async\" width=\"800\" height=\"500\" src=\"data:image\/svg+xml,%3Csvg%20xmlns%3D&#39;http%3A%2F%2Fwww.w3.org%2F2000%2Fsvg&#39;%20width=&#39;800&#39;%20height=&#39;500&#39;%20viewBox%3D&#39;0%200%20800%20500&#39;%2F%3E\" data-czlz data-src=\"https:\/\/tunisiestand.com\/wp-content\/uploads\/2023\/02\/panneaux44-800x500.jpg\" class=\"attachment-codevz_1200_500\" alt=\"\" title=\"panneaux44\" \/><div class=\"cz_grid_details\"><i class=\"fa czico-181-search-1 cz_grid_icon\"><\/i><\/div><\/a><\/div><\/div><div class=\"cz_grid_item \"><div><a class=\"cz_grid_link \" href=\"https:\/\/tunisiestand.com\/wp-content\/uploads\/2023\/02\/panneaux43.jpg\" data-xtra-lightbox><img loading=\"lazy\" decoding=\"async\" width=\"800\" height=\"500\" src=\"data:image\/svg+xml,%3Csvg%20xmlns%3D&#39;http%3A%2F%2Fwww.w3.org%2F2000%2Fsvg&#39;%20width=&#39;800&#39;%20height=&#39;500&#39;%20viewBox%3D&#39;0%200%20800%20500&#39;%2F%3E\" data-czlz data-src=\"https:\/\/tunisiestand.com\/wp-content\/uploads\/2023\/02\/panneaux43-800x500.jpg\" class=\"attachment-codevz_1200_500\" alt=\"\" title=\"panneaux43\" \/><div class=\"cz_grid_details\"><i class=\"fa czico-181-search-1 cz_grid_icon\"><\/i><\/div><\/a><\/div><\/div><div class=\"cz_grid_item \"><div><a class=\"cz_grid_link \" href=\"https:\/\/tunisiestand.com\/wp-content\/uploads\/2023\/02\/panneaux42.jpg\" data-xtra-lightbox><img loading=\"lazy\" decoding=\"async\" width=\"800\" height=\"500\" src=\"data:image\/svg+xml,%3Csvg%20xmlns%3D&#39;http%3A%2F%2Fwww.w3.org%2F2000%2Fsvg&#39;%20width=&#39;800&#39;%20height=&#39;500&#39;%20viewBox%3D&#39;0%200%20800%20500&#39;%2F%3E\" data-czlz data-src=\"https:\/\/tunisiestand.com\/wp-content\/uploads\/2023\/02\/panneaux42-800x500.jpg\" class=\"attachment-codevz_1200_500\" alt=\"\" title=\"panneaux42\" \/><div class=\"cz_grid_details\"><i class=\"fa czico-181-search-1 cz_grid_icon\"><\/i><\/div><\/a><\/div><\/div><div class=\"cz_grid_item \"><div><a class=\"cz_grid_link \" href=\"https:\/\/tunisiestand.com\/wp-content\/uploads\/2023\/02\/panneaux41.jpg\" data-xtra-lightbox><img loading=\"lazy\" decoding=\"async\" width=\"800\" height=\"500\" src=\"data:image\/svg+xml,%3Csvg%20xmlns%3D&#39;http%3A%2F%2Fwww.w3.org%2F2000%2Fsvg&#39;%20width=&#39;800&#39;%20height=&#39;500&#39;%20viewBox%3D&#39;0%200%20800%20500&#39;%2F%3E\" data-czlz data-src=\"https:\/\/tunisiestand.com\/wp-content\/uploads\/2023\/02\/panneaux41-800x500.jpg\" class=\"attachment-codevz_1200_500\" alt=\"\" title=\"panneaux41\" \/><div class=\"cz_grid_details\"><i class=\"fa czico-181-search-1 cz_grid_icon\"><\/i><\/div><\/a><\/div><\/div><div class=\"cz_grid_item \"><div><a class=\"cz_grid_link \" href=\"https:\/\/tunisiestand.com\/wp-content\/uploads\/2023\/02\/panneaux4.jpg\" data-xtra-lightbox><img loading=\"lazy\" decoding=\"async\" width=\"800\" height=\"500\" src=\"data:image\/svg+xml,%3Csvg%20xmlns%3D&#39;http%3A%2F%2Fwww.w3.org%2F2000%2Fsvg&#39;%20width=&#39;800&#39;%20height=&#39;500&#39;%20viewBox%3D&#39;0%200%20800%20500&#39;%2F%3E\" data-czlz data-src=\"https:\/\/tunisiestand.com\/wp-content\/uploads\/2023\/02\/panneaux4-800x500.jpg\" class=\"attachment-codevz_1200_500\" alt=\"\" title=\"panneaux4\" \/><div class=\"cz_grid_details\"><i class=\"fa czico-181-search-1 cz_grid_icon\"><\/i><\/div><\/a><\/div><\/div><div class=\"cz_grid_item \"><div><a class=\"cz_grid_link \" href=\"https:\/\/tunisiestand.com\/wp-content\/uploads\/2023\/02\/panneaux3.jpg\" data-xtra-lightbox><img loading=\"lazy\" decoding=\"async\" width=\"800\" height=\"500\" src=\"data:image\/svg+xml,%3Csvg%20xmlns%3D&#39;http%3A%2F%2Fwww.w3.org%2F2000%2Fsvg&#39;%20width=&#39;800&#39;%20height=&#39;500&#39;%20viewBox%3D&#39;0%200%20800%20500&#39;%2F%3E\" data-czlz data-src=\"https:\/\/tunisiestand.com\/wp-content\/uploads\/2023\/02\/panneaux3-800x500.jpg\" class=\"attachment-codevz_1200_500\" alt=\"\" title=\"panneaux3\" \/><div class=\"cz_grid_details\"><i class=\"fa czico-181-search-1 cz_grid_icon\"><\/i><\/div><\/a><\/div><\/div><div class=\"cz_grid_item \"><div><a class=\"cz_grid_link \" href=\"https:\/\/tunisiestand.com\/wp-content\/uploads\/2023\/02\/panneaux2.jpg\" data-xtra-lightbox><img loading=\"lazy\" decoding=\"async\" width=\"800\" height=\"500\" src=\"data:image\/svg+xml,%3Csvg%20xmlns%3D&#39;http%3A%2F%2Fwww.w3.org%2F2000%2Fsvg&#39;%20width=&#39;800&#39;%20height=&#39;500&#39;%20viewBox%3D&#39;0%200%20800%20500&#39;%2F%3E\" data-czlz data-src=\"https:\/\/tunisiestand.com\/wp-content\/uploads\/2023\/02\/panneaux2-800x500.jpg\" class=\"attachment-codevz_1200_500\" alt=\"\" title=\"panneaux2\" \/><div class=\"cz_grid_details\"><i class=\"fa czico-181-search-1 cz_grid_icon\"><\/i><\/div><\/a><\/div><\/div><div class=\"cz_grid_item \"><div><a class=\"cz_grid_link \" href=\"https:\/\/tunisiestand.com\/wp-content\/uploads\/2023\/02\/panneaux1.jpg\" data-xtra-lightbox><img loading=\"lazy\" decoding=\"async\" width=\"800\" height=\"500\" src=\"data:image\/svg+xml,%3Csvg%20xmlns%3D&#39;http%3A%2F%2Fwww.w3.org%2F2000%2Fsvg&#39;%20width=&#39;800&#39;%20height=&#39;500&#39;%20viewBox%3D&#39;0%200%20800%20500&#39;%2F%3E\" data-czlz data-src=\"https:\/\/tunisiestand.com\/wp-content\/uploads\/2023\/02\/panneaux1-800x500.jpg\" class=\"attachment-codevz_1200_500\" alt=\"\" title=\"panneaux1\" \/><div class=\"cz_grid_details\"><i class=\"fa czico-181-search-1 cz_grid_icon\"><\/i><\/div><\/a><\/div><\/div><\/div><\/div>[\/vc_column][\/vc_row][vc_row][vc_column]<div class=\"cz_gap clr  hide_on_mobile\" style=\"height: 50px\"><\/div><div class=\"cz_gap show_on_mobile clr\" style=\"height: 0px\"><\/div>[\/vc_column][\/vc_row][vc_row][vc_column width=\u00a0\u00bb1\/2&Prime; el_class=\u00a0\u00bbcz_sticky_col\u00a0\u00bb]<div id=\"cz_69641\" class=\"cz_69641 cz_title clr cz_title_pos_inline\"><div class=\"cz_title_content\"><div class=\"cz_wpe_content\"><p><span style=\"font-family: Century Gothic;\">Nos panneaux d&rsquo;affichage en Aluminium remplissage en MDF stratifi\u00e9 blanc, valorisent vos informations, affiches, notes de service, consignes, posters. Chargement de vos affiches en quelques secondes.<\/span><\/p>\n<p>&nbsp;<\/p>\n<p><span style=\"font-family: Century Gothic;\">Vous \u00eates Association, Entreprise , ou Organisateur de Congr\u00e9s, Foires et Forums, Afin de r\u00e9ussir vos expositions et vos pr\u00e9sentation,\u00a0<strong>TUNISIE STAND ET SERVICES<\/strong>, vous propose des panneaux d&rsquo;affichage qui vous permettent de cr\u00e9er des surface d&rsquo;exposition, ou de s\u00e9parer et d\u00e9limiter vos diff\u00e9rents espaces d&rsquo;exposition avec une grande \u00e9l\u00e9gance.<\/span><\/p>\n<p>&nbsp;<\/p>\n<p><span style=\"font-family: Century Gothic;\">Avec Nos panneaux d&rsquo;affichage vous pouvez personnaliser votre \u00e9v\u00e8nement\u00a0avec votre signal\u00e9tique.<\/span><\/p>\n<\/div><\/div><\/div><div class=\"cz_gap clr \" style=\"height: 40px\"><\/div>[\/vc_column][vc_column width=\u00a0\u00bb1\/2&Prime;]<div id=\"cz_105310\" class=\"cz_105310 cz_wh cz_wh_line_between\"><div class=\"mb10 last0 clr\"><div class=\"clr\"><span class=\"cz_wh_left\"><b>Largeur<\/b><\/span><span class=\"cz_wh_right\">modulable par cloison de 1m<\/span><\/div><div class=\"cz_wh_line\"><\/div><\/div><div class=\"mb10 last0 clr\"><div class=\"clr\"><span class=\"cz_wh_left\"><b>Profondeur<\/b><\/span><span class=\"cz_wh_right\">modulable par cloison de 1m<\/span><\/div><div class=\"cz_wh_line\"><\/div><\/div><div class=\"mb10 last0 clr\"><div class=\"clr\"><span class=\"cz_wh_left\"><b>Hauteur lat\u00e9rale<\/b><\/span><span class=\"cz_wh_right\">2,5m<\/span><\/div><div class=\"cz_wh_line\"><\/div><\/div><\/div><div class=\"cz_gap clr \" style=\"height: 50px\"><\/div><div id=\"cz_49323\" class=\"cz_49323 cz_image_hover_zoom\"><div><a href=\"https:\/\/tunisiestand.com\/wp-content\/uploads\/2023\/02\/dimensions-panneau-daffichage-en-en-aluminium-6.jpg\" data-xtra-lightbox><img loading=\"lazy\" decoding=\"async\" width=\"800\" height=\"565\" src=\"data:image\/svg+xml,%3Csvg%20xmlns%3D&#39;http%3A%2F%2Fwww.w3.org%2F2000%2Fsvg&#39;%20width=&#39;800&#39;%20height=&#39;565&#39;%20viewBox%3D&#39;0%200%20800%20565&#39;%2F%3E\" data-czlz data-src=\"https:\/\/tunisiestand.com\/wp-content\/uploads\/2023\/02\/dimensions-panneau-daffichage-en-en-aluminium-6.jpg\" class=\"attachment-full\" alt=\"\" title=\"dimensions panneau d&#039;affichage en en aluminium 6\" data-srcset=\"https:\/\/tunisiestand.com\/wp-content\/uploads\/2023\/02\/dimensions-panneau-daffichage-en-en-aluminium-6.jpg 800w, https:\/\/tunisiestand.com\/wp-content\/uploads\/2023\/02\/dimensions-panneau-daffichage-en-en-aluminium-6-300x212.jpg 300w, https:\/\/tunisiestand.com\/wp-content\/uploads\/2023\/02\/dimensions-panneau-daffichage-en-en-aluminium-6-768x542.jpg 768w, https:\/\/tunisiestand.com\/wp-content\/uploads\/2023\/02\/dimensions-panneau-daffichage-en-en-aluminium-6-600x424.jpg 600w\" data-sizes=\"(max-width: 800px) 100vw, 800px\" \/><\/a><\/div><\/div>[\/vc_column][\/vc_row]<\/p>\n<\/section>","protected":false},"excerpt":{"rendered":"<p>[vc_row][vc_column][\/vc_column][\/vc_row][vc_row][vc_column][\/vc_column][\/vc_row][vc_row][vc_column][\/vc_column][\/vc_row][vc_row][vc_column width=\u00a0\u00bb1\/2&Prime; el_class=\u00a0\u00bbcz_sticky_col\u00a0\u00bb][\/vc_column][vc_column width=\u00a0\u00bb1\/2&Prime;][\/vc_column][\/vc_row] &#8230; <\/p>\n","protected":false},"author":1,"featured_media":0,"parent":0,"menu_order":0,"comment_status":"closed","ping_status":"closed","template":"","meta":{"footnotes":""},"class_list":["post-2343","page","type-page","status-publish","hentry"],"_links":{"self":[{"href":"https:\/\/tunisiestand.com\/index.php?rest_route=\/wp\/v2\/pages\/2343","targetHints":{"allow":["GET"]}}],"collection":[{"href":"https:\/\/tunisiestand.com\/index.php?rest_route=\/wp\/v2\/pages"}],"about":[{"href":"https:\/\/tunisiestand.com\/index.php?rest_route=\/wp\/v2\/types\/page"}],"author":[{"embeddable":true,"href":"https:\/\/tunisiestand.com\/index.php?rest_route=\/wp\/v2\/users\/1"}],"replies":[{"embeddable":true,"href":"https:\/\/tunisiestand.com\/index.php?rest_route=%2Fwp%2Fv2%2Fcomments&post=2343"}],"version-history":[{"count":7,"href":"https:\/\/tunisiestand.com\/index.php?rest_route=\/wp\/v2\/pages\/2343\/revisions"}],"predecessor-version":[{"id":2907,"href":"https:\/\/tunisiestand.com\/index.php?rest_route=\/wp\/v2\/pages\/2343\/revisions\/2907"}],"wp:attachment":[{"href":"https:\/\/tunisiestand.com\/index.php?rest_route=%2Fwp%2Fv2%2Fmedia&parent=2343"}],"curies":[{"name":"wp","href":"https:\/\/api.w.org\/{rel}","templated":true}]}}